{"id":1182,"date":"2025-05-22T10:50:38","date_gmt":"2025-05-22T08:50:38","guid":{"rendered":"https:\/\/karrier.ih.gov.hu\/?page_id=1182"},"modified":"2025-06-18T12:48:14","modified_gmt":"2025-06-18T10:48:14","slug":"kezdolap-2","status":"publish","type":"page","link":"https:\/\/karrier.ih.gov.hu\/","title":{"rendered":"Kezd\u0151lap"},"content":{"rendered":"\r\n\t\t<div id=\"fejlec\" class=\"block-340e7a07-da9f-4739-b77f-d665cc2c4731 col areoi-element sotetsav\">\r\n\t\t\t\r\n\t\t\t\n\n<div class=\"wp-block-columns is-layout-flex wp-container-core-columns-is-layout-28f84493 wp-block-columns-is-layout-flex\" id=\"fejlec-inner\">\n<div class=\"wp-block-column fejlec-oszlop is-layout-flow wp-block-column-is-layout-flow\" style=\"flex-basis:50%\">\n<div class=\"wp-block-group has-global-padding is-layout-constrained wp-block-group-is-layout-constrained\">\n<figure class=\"wp-block-image size-large\"><a href=\"https:\/\/karrier.ih.gov.hu\/\"><img decoding=\"async\" src=\"https:\/\/karrier.ih.gov.hu\/wp-content\/uploads\/2024\/06\/IH_Logo_2.jpg\" alt=\"IH Karrier Port\u00e1l\"\/><\/a><\/figure>\n<\/div>\n<\/div>\n\n\n\n<div class=\"wp-block-column is-vertically-aligned-center text-center fejlec-oszlop is-layout-flow wp-block-column-is-layout-flow\" style=\"flex-basis:50%\">\n<h2 class=\"wp-block-heading has-text-align-center text-feher has-base-2-color has-text-color has-link-color wp-elements-a4e0c4a3d81df5f1e1edde5d3cd8b600\">Inform\u00e1ci\u00f3s Hivatal<\/h2>\n\n\n\n<h1 class=\"wp-block-heading has-text-align-center bold has-base-2-color has-text-color has-link-color wp-elements-e50aab83c554d316ea61b35df00e1469\">Karrier<\/h1>\n\n\n\r\n\t\t\t\t\r\n\t\t<a \r\n\t\t\t\r\n\t\t\tclass=\"block-7d85f71b-7c77-4130-b002-16e2a1ede38c btn areoi-has-url position-relative bg-sarga jelentkezes-gomb btn-primary\"\r\n\t href=\"https:\/\/karrier.ih.gov.hu\/index.php\/jelentkezes\/\" >\r\n\t\t\t\t\t\r\n\t\t\t\t\tJELENTKEZEM \r\n\t\t\t\t\t\r\n\t\t\t\t\t \r\n\t\t\t\t<\/a>\r\n\t\t\t<\/div>\n<\/div>\n\n\n\n<hr class=\"wp-block-separator has-alpha-channel-opacity hr-gradient is-style-wide\"\/>\n\n \r\n\t\t\t\r\n\t\t<\/div>\r\n\t\n\n\r\n\t\t<div  class=\"block-d8c83217-277b-433f-8f1f-e599dec7688f col areoi-element\">\r\n\t\t\t\r\n\t\t\t \r\n\t\t\t\r\n\t\t<\/div>\r\n\t\n\n\n<div class=\"wp-block-columns tartalom-oszlop reverse is-layout-flex wp-container-core-columns-is-layout-28f84493 wp-block-columns-is-layout-flex\">\n<div class=\"wp-block-column valt-szel-kep is-layout-flow wp-block-column-is-layout-flow\">\n<figure class=\"wp-block-image size-full kek-keret-jobb\"><img loading=\"lazy\" decoding=\"async\" width=\"931\" height=\"527\" src=\"https:\/\/karrier.ih.gov.hu\/wp-content\/uploads\/2024\/10\/kik-vagyunk-2.png\" alt=\"Kik vagyunk?\" class=\"wp-image-1014\" srcset=\"https:\/\/karrier.ih.gov.hu\/wp-content\/uploads\/2024\/10\/kik-vagyunk-2.png 931w, https:\/\/karrier.ih.gov.hu\/wp-content\/uploads\/2024\/10\/kik-vagyunk-2-300x170.png 300w, https:\/\/karrier.ih.gov.hu\/wp-content\/uploads\/2024\/10\/kik-vagyunk-2-768x435.png 768w\" sizes=\"auto, (max-width: 931px) 100vw, 931px\" \/><\/figure>\n<\/div>\n\n\n\n<div class=\"wp-block-column valt-szel-szoveg is-layout-flow wp-block-column-is-layout-flow\">\n<h4 class=\"wp-block-heading bold mobil-center\">KIK VAGYUNK?<\/h4>\n\n\n\n<p class=\"sorkizart\">Magyarorsz\u00e1gon<strong> jelenleg n\u00e9gy polg\u00e1ri nemzetbiztons\u00e1gi szolg\u00e1lat<\/strong> m\u0171k\u00f6dik.<br>Az Inform\u00e1ci\u00f3s Hivatal az a nemzetbiztons\u00e1gi szolg\u00e1lat, amely a <strong>polg\u00e1ri h\u00edrszerz\u00e9s<\/strong>sel foglalkozik. Az \u201einform\u00e1ci\u00f3s\u201d jelz\u0151 r\u00e1vil\u00e1g\u00edt munk\u00e1nk kardin\u00e1lis<br>elem\u00e9re: k\u00fcl\u00f6nleges eszk\u00f6zrendszer\u00fcnkkel megszerezz\u00fck \u00e9s elemezz\u00fck a k\u00fclf\u00f6ldi, vagy k\u00fclf\u00f6ldre vonatkoz\u00f3 h\u00edreket, inform\u00e1ci\u00f3kat. Sz\u00e1mos tov\u00e1bbi<br>feladatunkat a nemzetbiztons\u00e1gi szolg\u00e1latokr\u00f3l sz\u00f3l\u00f3 1995. \u00e9vi CXXV. t\u00f6rv\u00e9ny r\u00f6gz\u00edti t\u00e9telesen.<\/p>\n\n\n\n<p class=\"gradient-gomb\"><a href=\"https:\/\/karrier.ih.gov.hu\/index.php\/nyitott-poziciok\/\" data-type=\"page\" data-id=\"406\">\u00c1ll\u00e1slehet\u0151s\u00e9gek<\/a><\/p>\n<\/div>\n<\/div>\n\n\n\n<div class=\"wp-block-columns tartalom-oszlop is-layout-flex wp-container-core-columns-is-layout-28f84493 wp-block-columns-is-layout-flex\">\n<div class=\"wp-block-column valt-szel-szoveg is-layout-flow wp-block-column-is-layout-flow\">\n<h4 class=\"wp-block-heading bold mobil-center\">KOLLEKT\u00cdV\u00c1NK<\/h4>\n\n\n\n<p class=\"sorkizart\">Az Inform\u00e1ci\u00f3s Hivatalban magas szint\u0171 szaktud\u00e1ssal \u00e9s nyelvismerettel rendelkez\u0151 szakemberek teljes\u00edtenek szolg\u00e1latot Magyarorsz\u00e1g \u00e9rdekeinek<br>v\u00e9delm\u00e9ben. A h\u00edrszerz\u0151 \u00e9letm\u00f3d kih\u00edv\u00e1sait tudatosan v\u00e1llal\u00f3, \u00f6sszetart\u00f3 k\u00f6z\u00f6ss\u00e9get alkotunk.<br>Ebbe a csapatba keres\u00fcnk olyan p\u00e1lyakezd\u0151, illetve szakmai tapasztalattal m\u00e1r rendelkez\u0151 koll\u00e9g\u00e1kat, akiknek az \u00e9rdekl\u0151d\u00e9s\u00e9re sz\u00e1mot tart a k\u00fcl- \u00e9s<br>biztons\u00e1gpolitika, nyelveket tanulnak vagy besz\u00e9lnek, tov\u00e1bb\u00e1 szeretik a kih\u00edv\u00e1sokat.<\/p>\n\n\n\n<p class=\"gradient-gomb\"><a href=\"https:\/\/karrier.ih.gov.hu\/index.php\/miert-az-ih\/\" data-type=\"page\" data-id=\"21\">Tudj meg t\u00f6bbet<\/a><\/p>\n<\/div>\n\n\n\n<div class=\"wp-block-column valt-szel-kep is-layout-flow wp-block-column-is-layout-flow\">\n<figure class=\"wp-block-image size-large kek-keret-bal\"><img decoding=\"async\" src=\"https:\/\/karrier.ih.gov.hu\/wp-content\/uploads\/2024\/06\/kollektivank.png\" alt=\"Kollekt\u00edv\u00e1nk - IH\"\/><\/figure>\n<\/div>\n<\/div>\n\n\n\r\n\t\t<div  class=\"block-bf12cfbd-46a5-480a-95e7-7aa5ffa9e249 col areoi-element sotetsav\">\r\n\t\t\t\r\n\t\t\t\n\n<div class=\"wp-block-columns tartalom-oszlop reverse is-layout-flex wp-container-core-columns-is-layout-28f84493 wp-block-columns-is-layout-flex\" id=\"afk\">\n<div class=\"wp-block-column valt-szel-kep is-layout-flow wp-block-column-is-layout-flow\">\n<figure class=\"wp-block-image size-large sarga-keret-jobb\"><img decoding=\"async\" src=\"https:\/\/karrier.ih.gov.hu\/wp-content\/uploads\/2024\/06\/afk2.png\" alt=\"\u00c1ltal\u00e1nos felv\u00e9teli k\u00f6vetelm\u00e9nyek - IH\"\/><\/figure>\n<\/div>\n\n\n\n<div class=\"wp-block-column valt-szel-szoveg is-layout-flow wp-block-column-is-layout-flow\">\n<h4 class=\"wp-block-heading text-feher semi-bold mobil-center\">\u00c1LTAL\u00c1NOS FELV\u00c9TELI K\u00d6VETELM\u00c9NYEK<\/h4>\n\n\n\n<p><\/p>\n\n\n\n<ul class=\"wp-block-list text-feher duotone-lista\">\n<li>magyar \u00e1llampolg\u00e1rs\u00e1g<\/li>\n\n\n\n<li>b\u00fcntetlen el\u0151\u00e9let<\/li>\n\n\n\n<li>bet\u00f6lt\u00f6tt 18. \u00e9let\u00e9v<\/li>\n\n\n\n<li>cselekv\u0151k\u00e9pess\u00e9g<\/li>\n\n\n\n<li>\u00e1lland\u00f3 belf\u00f6ldi lakhely<\/li>\n\n\n\n<li>a szolg\u00e1lati beoszt\u00e1s besorol\u00e1si oszt\u00e1lya szerint meghat\u00e1rozott v\u00e9gzetts\u00e9g<\/li>\n\n\n\n<li>eg\u00e9szs\u00e9gi \u00e9s pszichol\u00f3giai alkalmass\u00e1g<\/li>\n\n\n\n<li>titoktart\u00e1si k\u00f6telezetts\u00e9g v\u00e1llal\u00e1sa<\/li>\n\n\n\n<li>biztons\u00e1gi felt\u00e9teleknek val\u00f3 megfelel\u00e9s<\/li>\n\n\n\n<li>poligr\u00e1fos vizsg\u00e1lat v\u00e1llal\u00e1sa<\/li>\n\n\n\n<li>egyes alapvet\u0151 jogok t\u00f6rv\u00e9ny szerinti korl\u00e1toz\u00e1s\u00e1nak, valamint a nemzetbiztons\u00e1gi szolg\u00e1lattal j\u00e1r\u00f3 k\u00f6telezetts\u00e9geknek az elfogad\u00e1sa<\/li>\n<\/ul>\n\n\n\n<p class=\"text-feher has-small-font-size\"><br><\/p>\n\n\n\n<p class=\"text-feher sorkizart has-contrast-2-color has-text-color has-link-color wp-elements-053943465b3865da09362023cca58b6f\">Az \u00e1ltal\u00e1nos felv\u00e9teli k\u00f6vetelm\u00e9nyeket a polg\u00e1ri nemzetbiztons\u00e1gi szolg\u00e1latok szem\u00e9lyi \u00e1llom\u00e1ny\u00e1nak jog\u00e1ll\u00e1s\u00e1r\u00f3l sz\u00f3l\u00f3 2024. \u00e9vi LXX. t\u00f6rv\u00e9ny, valamint a v\u00e9grehajt\u00e1s r\u00e9szletk\u00e9rd\u00e9seit szab\u00e1lyoz\u00f3 alacsonyabb szint\u0171 jogszab\u00e1lyok hat\u00e1rozz\u00e1k meg.<\/p>\n<\/div>\n<\/div>\n\n\n\r\n\t\t<div  class=\"block-c66a5c1a-6a97-4f9f-a99a-9faebf68b287 col areoi-element tartalom-oszlop\">\r\n\t\t\t\r\n\t\t\t\n\n<hr class=\"wp-block-separator has-text-color has-base-2-color has-alpha-channel-opacity has-base-2-background-color has-background is-style-wide hr-sarga\"\/>\n\n\n\n<p class=\"mobil-center\"><p><span class=\"text-sarga\">Tiszti<\/span> <span class=\"text-feher\">beoszt\u00e1s bet\u00f6lt\u00e9s\u00e9hez tov\u00e1bbi elv\u00e1r\u00e1s: \u00e1llami, illetve \u00e1llamilag elismert mester- vagy alapdiploma, tov\u00e1bb\u00e1 nyelvvizsga, vagy akt\u00edv nyelvtud\u00e1s.<\/span><\/p><p class=\"mobil-center\"><span class=\"text-sarga\">Altiszti, z\u00e1szl\u00f3si<\/span> <span class=\"text-feher\">beoszt\u00e1s eset\u00e9ben kik\u00f6t\u00e9s: a k\u00f6z\u00e9piskolai v\u00e9gzetts\u00e9g, emellett bizonyos munkak\u00f6r\u00f6kn\u00e9l szakir\u00e1ny\u00fa v\u00e9gzetts\u00e9g.<\/span><\/p><\/p>\n\n \r\n\t\t\t\r\n\t\t<\/div>\r\n\t\n\n\r\n\t\t<div  class=\"block-eeff1607-340a-45b5-b45b-47c90acd1680 col areoi-element text-center tartalom-oszlop\">\r\n\t\t\t\r\n\t\t\t\n\r\n\t\t\t\t\r\n\t\t<a \r\n\t\t\t\r\n\t\t\tclass=\"block-54f1b40c-9e07-4296-baaf-6b328b19a670 btn areoi-has-url position-relative jelentkezes-gomb bg-sarga btn-primary\"\r\n\t href=\"https:\/\/karrier.ih.gov.hu\/index.php\/jelentkezes\/\" >\r\n\t\t\t\t\t\r\n\t\t\t\t\tJELENTKEZEM \r\n\t\t\t\t\t\r\n\t\t\t\t\t \r\n\t\t\t\t<\/a>\r\n\t\t\t\n \r\n\t\t\t\r\n\t\t<\/div>\r\n\t\n \r\n\t\t\t\r\n\t\t<\/div>\r\n\t\n\n\n<h3 class=\"wp-block-heading has-text-align-center tartalom-oszlop bold\">J\u00d3 TUDNI!<\/h3>\n\n\n\r\n\t\t<div \r\n\t\t\tid=\"velemenyek\"\r\n\t\t\tclass=\"block-209b552f-db28-416a-ab68-e1a52f34b44b carousel slide tartalom-oszlop carousel-dark\"\r\n\t\t\t\r\n\t\t\tdata-bs-touch=\"true\"\r\n\t\t\tdata-bs-pause=\"hover\" \r\n\t\t\t\r\n\t\t>\r\n\t\t\t\r\n\t\t\t\r\n\t\t\t<div class=\"carousel-item active\">\n\t\t\t\n\n\t\t<div class=\"block-30c233c3-f76a-4ddd-9a6a-3b53256b3120 areoi-strip areoi-element strip alignfull\">\n\t\t\t\n\t\t\t\n\n\t\t<div class=\"block-1b3a46b2-6b29-43c7-a895-bbbf8af54d45 areoi-element container\">\n\t\t\t\n\t\t\t\n\n\t\t<div class=\"block-ff50cf9e-1626-454d-9a87-dec50bce142c row areoi-element\">\n\t\t\t\n\n\t\t\t\n\n\t\t<div class=\"block-0f46947c-678b-4fd8-9411-d287b477b9bf col areoi-element velemenyek\">\n\t\t\t\n\t\t\t\n<div data-post-id=\"777\" class=\"insert-page insert-page-777 \">\n<p class=\"has-text-align-center has-contrast-2-color has-text-color has-link-color wp-elements-dcbed7f10426d81986d1d14ca7ddd859\"><strong>Kett\u0151s \u00e1llampolg\u00e1r vagyok. Ez \u00e9rintheti a felv\u00e9teli elj\u00e1r\u00e1st?<\/strong><\/p>\n\n\n\r\n\t\t<div  class=\"block-91ed0d76-a286-4fd2-b15a-68f659b898f8 col areoi-element tartalom-oszlop\">\r\n\t\t\t\r\n\t\t\t\n\n<p class=\"has-text-align-center has-contrast-2-color has-text-color has-link-color wp-elements-ad85dd94d1d45c5d5e3cac520d9b320e\">A Hivatal nem l\u00e9tes\u00edt szolg\u00e1lati jogviszonyt olyan jelentkez\u0151vel, aki a magyar mellett m\u00e1s \u00e1llampolg\u00e1rs\u00e1ggal is rendelkezik. A magyar \u00e1llampolg\u00e1rs\u00e1g jogszab\u00e1lyban meghat\u00e1rozott k\u00f6vetelm\u00e9ny, melyet a 2024. \u00e9vi LXX. t\u00f6rv\u00e9ny neves\u00edt.<\/p>\n\n \r\n\t\t\t\r\n\t\t<\/div>\r\n\t<\/div>\n\n \n\t\t\t\n\t\t<\/div>\n\t\n\n\n\t\t<div class=\"block-75e6e5dd-4e9d-48a7-89df-908c31f99f29 col areoi-element velemenyek\">\n\t\t\t\n\t\t\t\n<div data-post-id=\"786\" class=\"insert-page insert-page-786 \">\r\n\t\t<div id=\"tartalom-oszlop\" class=\"block-fcea4c98-3784-4dc3-9f8c-ed58c48a2536 col areoi-element\">\r\n\t\t\t\r\n\t\t\t\n\n<p class=\"has-text-align-center has-contrast-2-color has-text-color has-link-color wp-elements-3598141eccb75335897a491ae9502079\"><strong>Ha van k\u00f6zleked\u00e9si b\u00edrs\u00e1gom, az kiz\u00e1r\u00f3 ok?<\/strong><\/p>\n\n\n\n<p class=\"has-text-align-center has-contrast-2-color has-text-color has-link-color wp-elements-60231af2a18b95b06831e1f3697182ef\">\u00d6nmag\u00e1ban term\u00e9szetesen nem, hiszen nem eredm\u00e9nyez b\u00fcntetett el\u0151\u00e9letet.<\/p>\n\n \r\n\t\t\t\r\n\t\t<\/div>\r\n\t<\/div>\n\n \n\t\t\t\n\t\t<\/div>\n\t\n\n\n\t\t<div class=\"block-f707882c-a891-43b5-8fd8-41ae9a8f43d8 col areoi-element velemenyek\">\n\t\t\t\n\t\t\t\n<div data-post-id=\"788\" class=\"insert-page insert-page-788 \">\n<p class=\"has-text-align-center has-contrast-2-color has-text-color has-link-color wp-elements-1a8e8f744d8561d3cf2da00d5623be65\"><strong>M\u00e9g nem szereztem meg a diplom\u00e1mat \u00e9s jelenleg nyelvvizsg\u00e1val sem rendelkezem. Ett\u0151l m\u00e9g p\u00e1ly\u00e1zhatok tiszti poz\u00edci\u00f3t?<\/strong><\/p>\n\n\n\r\n\t\t<div  class=\"block-b4228d80-4edc-4ca5-a361-e2ba73f81432 col areoi-element tartalom-oszlop\">\r\n\t\t\t\r\n\t\t\t\n\n<p class=\"has-text-align-center has-contrast-2-color has-text-color has-link-color wp-elements-f7ee08c3f20c357fdf26bfb1b8e5da04\">Akkor \u00e9rdemes beny\u00fajtani a jelentkez\u00e9st, ha annak id\u0151pontj\u00e1t\u00f3l sz\u00e1m\u00edtott f\u00e9l \u00e9ven bel\u00fcl megkapod a diplom\u00e1dat \u00e9s sikeres nyelvvizsg\u00e1t teszel.<\/p>\n\n\n\n<p class=\"has-text-align-center has-contrast-2-color has-text-color has-link-color wp-elements-8602c3ab5a6452353c095a299712d348\">(<em>Ezek a k\u00f6vetelm\u00e9nyek azonban nem \u00e1llnak fenn altiszti, z\u00e1szl\u00f3si poz\u00edci\u00f3ra, illetve \u00f6szt\u00f6nd\u00edjprogramra t\u00f6rt\u00e9n\u0151 jelentkez\u00e9s eset\u00e9ben.<\/em>)<\/p>\n\n \r\n\t\t\t\r\n\t\t<\/div>\r\n\t<\/div>\n\n \n\t\t\t\n\t\t<\/div>\n\t\n \n\t\t<\/div>\n\t\n \n\t\t<\/div>\n\t\n \n\t\t<\/div>\n\t\n \n\t\t<\/div>\n \r\n\t\t\t<div class=\"clearfix\"><\/div>\r\n\t\t<\/div>\r\n\t","protected":false},"excerpt":{"rendered":"<p>KIK VAGYUNK? Magyarorsz\u00e1gon jelenleg n\u00e9gy polg\u00e1ri nemzetbiztons\u00e1gi szolg\u00e1lat m\u0171k\u00f6dik.Az Inform\u00e1ci\u00f3s Hivatal az a nemzetbiztons\u00e1gi szolg\u00e1lat, amely a polg\u00e1ri h\u00edrszerz\u00e9ssel foglalkozik. Az \u201einform\u00e1ci\u00f3s\u201d jelz\u0151 r\u00e1vil\u00e1g\u00edt munk\u00e1nk kardin\u00e1liselem\u00e9re: k\u00fcl\u00f6nleges eszk\u00f6zrendszer\u00fcnkkel megszerezz\u00fck \u00e9s elemezz\u00fck a k\u00fclf\u00f6ldi, vagy k\u00fclf\u00f6ldre vonatkoz\u00f3 h\u00edreket, inform\u00e1ci\u00f3kat. Sz\u00e1mos tov\u00e1bbifeladatunkat a nemzetbiztons\u00e1gi szolg\u00e1latokr\u00f3l sz\u00f3l\u00f3 1995. \u00e9vi CXXV. t\u00f6rv\u00e9ny r\u00f6gz\u00edti t\u00e9telesen. \u00c1ll\u00e1slehet\u0151s\u00e9gek KOLLEKT\u00cdV\u00c1NK Az Inform\u00e1ci\u00f3s Hivatalban [&hellip;]<\/p>\n","protected":false},"author":1,"featured_media":0,"parent":0,"menu_order":0,"comment_status":"closed","ping_status":"closed","template":"","meta":{"footnotes":""},"class_list":["post-1182","page","type-page","status-publish","hentry"],"_links":{"self":[{"href":"https:\/\/karrier.ih.gov.hu\/index.php\/wp-json\/wp\/v2\/pages\/1182","targetHints":{"allow":["GET"]}}],"collection":[{"href":"https:\/\/karrier.ih.gov.hu\/index.php\/wp-json\/wp\/v2\/pages"}],"about":[{"href":"https:\/\/karrier.ih.gov.hu\/index.php\/wp-json\/wp\/v2\/types\/page"}],"author":[{"embeddable":true,"href":"https:\/\/karrier.ih.gov.hu\/index.php\/wp-json\/wp\/v2\/users\/1"}],"replies":[{"embeddable":true,"href":"https:\/\/karrier.ih.gov.hu\/index.php\/wp-json\/wp\/v2\/comments?post=1182"}],"version-history":[{"count":6,"href":"https:\/\/karrier.ih.gov.hu\/index.php\/wp-json\/wp\/v2\/pages\/1182\/revisions"}],"predecessor-version":[{"id":1191,"href":"https:\/\/karrier.ih.gov.hu\/index.php\/wp-json\/wp\/v2\/pages\/1182\/revisions\/1191"}],"wp:attachment":[{"href":"https:\/\/karrier.ih.gov.hu\/index.php\/wp-json\/wp\/v2\/media?parent=1182"}],"curies":[{"name":"wp","href":"https:\/\/api.w.org\/{rel}","templated":true}]}}