{"id":1195,"date":"2025-05-22T11:44:47","date_gmt":"2025-05-22T09:44:47","guid":{"rendered":"https:\/\/karrier.ih.gov.hu\/?page_id=1195"},"modified":"2025-06-18T12:54:23","modified_gmt":"2025-06-18T10:54:23","slug":"osztondijprogram-2","status":"publish","type":"page","link":"https:\/\/karrier.ih.gov.hu\/index.php\/osztondijprogram-2\/","title":{"rendered":"\u00d6szt\u00f6nd\u00edjprogram"},"content":{"rendered":"\n<hr class=\"wp-block-separator has-alpha-channel-opacity hr-gradient is-style-wide\"\/>\n\n\n\n<h2 class=\"wp-block-heading has-text-align-center bold oldalcim\">\u00d6szt\u00f6nd\u00edjprogram<\/h2>\n\n\n\r\n\t\t<div  class=\"block-a84af2e1-0b60-4823-83e9-a30fda663dc8 col areoi-element tartalom-oszlop\">\r\n\t\t\t\r\n\t\t\t\n\n<p class=\"has-contrast-2-color has-text-color has-link-color wp-elements-634ed9f50f10565e54b24e5c6fbb096d\">Az Inform\u00e1ci\u00f3s Hivatal elk\u00f6telezett azir\u00e1nt, hogy &#8211; a 2024. \u00e9vi LXX. t\u00f6rv\u00e9ny 35. \u00a7 alapj\u00e1n &#8211; \u00f6szt\u00f6nd\u00edjszerz\u0151d\u00e9s form\u00e1j\u00e1ban t\u00e1mogat\u00e1st ny\u00fajtson a fels\u0151-, illetve egy\u00e9b oktat\u00e1sban r\u00e9sztvev\u0151k sz\u00e1m\u00e1ra.<br>\u00d6szt\u00f6nd\u00edjprogramunkra jelentkezhetsz<\/p>\n\n\n\n<ul class=\"wp-block-list\">\n<li>az ALAPK\u00c9PZ\u00c9S utols\u00f3 el\u0151tti, megkezdett szemeszter\u00e9ben,<\/li>\n\n\n\n<li>MESTERK\u00c9PZ\u00c9S b\u00e1rmelyik f\u00e9l\u00e9v\u00e9ben,<\/li>\n\n\n\n<li>illetve OSZTATLAN K\u00c9PZ\u00c9S eset\u00e9n, \u00f6t f\u00e9l\u00e9v abszolv\u00e1l\u00e1s\u00e1t k\u00f6vet\u0151en.<br><\/li>\n<\/ul>\n\n\n\n<p class=\"has-contrast-2-color has-text-color has-link-color wp-elements-b34733a72b844d0d08d9f7b91f615189\">Havi \u00f6szt\u00f6nd\u00edjban az a jelentkez\u0151 r\u00e9szes\u00fclhet, aki megfelel a felv\u00e9teli k\u00f6vetelm\u00e9nyeknek \u00e9s a felv\u00e9teli elj\u00e1r\u00e1sunkat is sikeresen z\u00e1rja. Az \u00f6szt\u00f6nd\u00edjas<br>sz\u00e1m\u00e1ra a szerz\u0151d\u00e9sben meghat\u00e1rozott k\u00e9pzetts\u00e9g, k\u00e9pes\u00edt\u00e9s megszerz\u00e9s\u00e9t k\u00f6vet\u0151en ny\u00edlik arra lehet\u0151s\u00e9g, hogy a hivat\u00e1sos, vagy a nemzetbiztons\u00e1gi alkalmazotti \u00e1llom\u00e1ny tagj\u00e1v\u00e1 v\u00e1ljon.<\/p>\n\n \r\n\t\t\t\r\n\t\t<\/div>\r\n\t\n\n\r\n\t\t<div  class=\"block-25752eb8-bef5-4fc4-a34e-64be76a5d182 col areoi-element\">\r\n\t\t\t\r\n\t\t\t\n\n<h4 class=\"wp-block-heading has-text-align-center bold\">\u00d6szt\u00f6nd\u00edjprogramunkba k\u00fcl\u00f6n\u00f6sen az al\u00e1bbi ter\u00fcletekr\u0151l v\u00e1rjuk hallgat\u00f3k jelentkez\u00e9s\u00e9t:<br><\/h4>\n\n \r\n\t\t\t\r\n\t\t<\/div>\r\n\t\n\n\r\n\t\t<div  class=\"block-c2b4a6e6-0f55-42e7-8486-e78a0bf3d273 col areoi-element tartalom-oszlop gomb-kozepre\">\r\n\t\t\t\r\n\t\t\t\n\r\n\t\t\t\t\r\n\t\t<a \r\n\t\t\t\r\n\t\t\tclass=\"block-59552e89-c011-4ff4-987d-c6a0b86e7713 btn areoi-has-url position-relative vilKek-gomb btn-primary\"\r\n\t >\r\n\t\t\t\t\t\r\n\t\t\t\t\tnemzetk\u00f6zi tanulm\u00e1nyok \r\n\t\t\t\t\t\r\n\t\t\t\t\t \r\n\t\t\t\t<\/a>\r\n\t\t\t\n\n\r\n\t\t\t\t\r\n\t\t<a \r\n\t\t\t\r\n\t\t\tclass=\"block-4738f47a-2201-4c54-950e-f3daabd5164f btn areoi-has-url position-relative vilKek-gomb btn-primary\"\r\n\t >\r\n\t\t\t\t\t\r\n\t\t\t\t\tgazdas\u00e1gtudom\u00e1nyok \r\n\t\t\t\t\t\r\n\t\t\t\t\t \r\n\t\t\t\t<\/a>\r\n\t\t\t\n\n\r\n\t\t\t\t\r\n\t\t<a \r\n\t\t\t\r\n\t\t\tclass=\"block-d375854d-6f80-4019-99f2-cdc4a25ff52a btn areoi-has-url position-relative vilKek-gomb btn-primary\"\r\n\t >\r\n\t\t\t\t\t\r\n\t\t\t\t\tnyelvi tanulm\u00e1nyok \r\n\t\t\t\t\t\r\n\t\t\t\t\t \r\n\t\t\t\t<\/a>\r\n\t\t\t\n\n\r\n\t\t\t\t\r\n\t\t<a \r\n\t\t\t\r\n\t\t\tclass=\"block-9b88b461-aa3f-4652-b4a4-154dab1cc32c btn areoi-has-url position-relative vilKek-gomb btn-primary\"\r\n\t >\r\n\t\t\t\t\t\r\n\t\t\t\t\tinformatika \r\n\t\t\t\t\t\r\n\t\t\t\t\t \r\n\t\t\t\t<\/a>\r\n\t\t\t\n\n\r\n\t\t\t\t\r\n\t\t<a \r\n\t\t\t\r\n\t\t\tclass=\"block-fc8d9d9d-8bac-42b1-bbee-ad96b49844b3 btn areoi-has-url position-relative vilKek-gomb btn-primary\"\r\n\t >\r\n\t\t\t\t\t\r\n\t\t\t\t\t jogtudom\u00e1ny \r\n\t\t\t\t\t\r\n\t\t\t\t\t \r\n\t\t\t\t<\/a>\r\n\t\t\t\n\n\r\n\t\t\t\t\r\n\t\t<a \r\n\t\t\t\r\n\t\t\tclass=\"block-95777a17-e044-40a0-9041-1f28f2948578 btn areoi-has-url position-relative vilKek-gomb btn-primary\"\r\n\t >\r\n\t\t\t\t\t\r\n\t\t\t\t\tt\u00e1rsadalomtudom\u00e1nyok \r\n\t\t\t\t\t\r\n\t\t\t\t\t \r\n\t\t\t\t<\/a>\r\n\t\t\t\n\n\r\n\t\t\t\t\r\n\t\t<a \r\n\t\t\t\r\n\t\t\tclass=\"block-881e6af0-ff42-41dd-847f-ff578cca96a0 btn areoi-has-url position-relative vilKek-gomb btn-primary\"\r\n\t >\r\n\t\t\t\t\t\r\n\t\t\t\t\tb\u00f6lcs\u00e9szettudom\u00e1nyok \r\n\t\t\t\t\t\r\n\t\t\t\t\t \r\n\t\t\t\t<\/a>\r\n\t\t\t\n \r\n\t\t\t\r\n\t\t<\/div>\r\n\t\n\n\r\n\t\t<div  class=\"block-0454174f-7333-4e38-940c-e86f46a6027b col areoi-element  gomb-kozepre\">\r\n\t\t\t\r\n\t\t\t\n\r\n\t\t\t\t\r\n\t\t<a \r\n\t\t\t\r\n\t\t\tclass=\"block-cabff3a3-4e09-4470-94a8-c2e037a1c184 btn areoi-has-url position-relative bg-sarga jelentkezes-gomb btn-primary\"\r\n\t href=\"https:\/\/karrier.ih.gov.hu\/index.php\/jelentkezes\/\" >\r\n\t\t\t\t\t\r\n\t\t\t\t\tJELENTKEZEM \r\n\t\t\t\t\t\r\n\t\t\t\t\t \r\n\t\t\t\t<\/a>\r\n\t\t\t\n \r\n\t\t\t\r\n\t\t<\/div>\r\n\t\n\n\n<p><\/p>\n","protected":false},"excerpt":{"rendered":"<p>\u00d6szt\u00f6nd\u00edjprogram<\/p>\n","protected":false},"author":1,"featured_media":0,"parent":0,"menu_order":0,"comment_status":"closed","ping_status":"closed","template":"","meta":{"footnotes":""},"class_list":["post-1195","page","type-page","status-publish","hentry"],"_links":{"self":[{"href":"https:\/\/karrier.ih.gov.hu\/index.php\/wp-json\/wp\/v2\/pages\/1195","targetHints":{"allow":["GET"]}}],"collection":[{"href":"https:\/\/karrier.ih.gov.hu\/index.php\/wp-json\/wp\/v2\/pages"}],"about":[{"href":"https:\/\/karrier.ih.gov.hu\/index.php\/wp-json\/wp\/v2\/types\/page"}],"author":[{"embeddable":true,"href":"https:\/\/karrier.ih.gov.hu\/index.php\/wp-json\/wp\/v2\/users\/1"}],"replies":[{"embeddable":true,"href":"https:\/\/karrier.ih.gov.hu\/index.php\/wp-json\/wp\/v2\/comments?post=1195"}],"version-history":[{"count":2,"href":"https:\/\/karrier.ih.gov.hu\/index.php\/wp-json\/wp\/v2\/pages\/1195\/revisions"}],"predecessor-version":[{"id":1197,"href":"https:\/\/karrier.ih.gov.hu\/index.php\/wp-json\/wp\/v2\/pages\/1195\/revisions\/1197"}],"wp:attachment":[{"href":"https:\/\/karrier.ih.gov.hu\/index.php\/wp-json\/wp\/v2\/media?parent=1195"}],"curies":[{"name":"wp","href":"https:\/\/api.w.org\/{rel}","templated":true}]}}