{"id":1303,"date":"2025-10-17T13:27:20","date_gmt":"2025-10-17T11:27:20","guid":{"rendered":"https:\/\/karrier.ih.gov.hu\/?page_id=1303"},"modified":"2025-11-17T13:48:59","modified_gmt":"2025-11-17T11:48:59","slug":"nyitott-poziciok-technikai-hirszerzo-tiszt","status":"publish","type":"page","link":"https:\/\/karrier.ih.gov.hu\/index.php\/nyitott-poziciok-technikai-hirszerzo-tiszt\/","title":{"rendered":"Technikai h\u00edrszerz\u0151 tiszt"},"content":{"rendered":"\n<h2 class=\"wp-block-heading has-text-align-center bold oldalcim\">Technikai h\u00edrszerz\u0151 tiszt<\/h2>\n\n\n\r\n\t\t<div  class=\"block-ec75ff6e-50a7-4350-99d7-099e40d015b1 col areoi-element tartalom-oszlop\">\r\n\t\t\t\r\n\t\t\t\n\n<p class=\"has-contrast-2-color has-text-color has-link-color wp-elements-184a2406bddbedd87efa8815e689b015\"><strong>Milyen feladatokban sz\u00e1m\u00edtunk r\u00e1d?<\/strong><\/p>\n\n\n\n<ul class=\"wp-block-list\">\n<li>k\u00fcls\u0151 szakmai egy\u00fcttm\u0171k\u00f6d\u0151 partnerek felkutat\u00e1s\u00e1ban \u00e9s bevon\u00e1s\u00e1ban, munk\u00e1juk szervez\u00e9s\u00e9ben<\/li>\n\n\n\n<li>kiberoffenz\u00edv m\u0171veletek el\u0151k\u00e9sz\u00edt\u00e9s\u00e9t \u00e9rint\u0151 r\u00e9szv\u00e9telben<\/li>\n\n\n\n<li>hazai \u00e9s k\u00fclf\u00f6ldi konferenci\u00e1kon, egy\u00e9b rendezv\u00e9nyeken t\u00f6rt\u00e9n\u0151 r\u00e9szv\u00e9telben<\/li>\n<\/ul>\n\n\n\n<p class=\"has-contrast-2-color has-text-color has-link-color wp-elements-adbb496cddc9f70ddaa765029adde866\"><strong>T\u00e9ged keres\u00fcnk, ha:<\/strong><\/p>\n\n\n\n<ul class=\"wp-block-list\">\n<li>a felhaszn\u00e1l\u00f3i szintn\u00e9l magasabb IT ismereteid vannak (kommunik\u00e1ci\u00f3s protokollok, h\u00e1l\u00f3zati alapismeretek, oper\u00e1ci\u00f3s rendszerek, stb.)<\/li>\n\n\n\n<li>\u00e9rdekel az IT biztons\u00e1g ter\u00fclete<\/li>\n\n\n\n<li>j\u00f3 kommunik\u00e1ci\u00f3s \u00e9s kapcsolatteremt\u0151 k\u00e9szs\u00e9ged van<\/li>\n\n\n\n<li>k\u00e9pes vagy \u00f6sszef\u00fcgg\u00e9sekben gondolkodni<\/li>\n\n\n\n<li>angol nyelvb\u0151l van akt\u00edv nyelvtud\u00e1sod vagy nyelvvizsg\u00e1d<\/li>\n<\/ul>\n\n\n\n<p class=\"has-contrast-2-color has-text-color has-link-color wp-elements-57b1df95cd4c64a67f465e0096106089\"><strong>El\u0151nyt jelent:<\/strong><\/p>\n\n\n\n<ul class=\"wp-block-list\">\n<li>IT\/m\u00e9rn\u00f6ki diploma<\/li>\n\n\n\n<li>programoz\u00e1si ismeretek<\/li>\n\n\n\n<li>j\u00f3 \u00edr\u00e1sk\u00e9szs\u00e9g<\/li>\n\n\n\n<li>projektmanagement tapasztalat<\/li>\n\n\n\n<li>gazdas\u00e1gi ismeretek<\/li>\n\n\n\n<li>magas szint\u0171 nyelvtud\u00e1s t\u00f6bb nyelven<\/li>\n<\/ul>\n\n\n\n<p class=\"has-contrast-2-color has-text-color has-link-color wp-elements-91c784b7a7b1ed8dba2b4bb3016ceec6\">Amennyiben felkeltett\u00fck \u00e9rdekl\u0151d\u00e9sedet, regisztr\u00e1lj karrieroldalunkon, \u00e9s k\u00fcldd el magyar nyelv\u0171, f\u00e9nyk\u00e9pes \u00f6n\u00e9letrajzodat.<\/p>\n\n \r\n\t\t\t\r\n\t\t<\/div>\r\n\t\n\n\r\n\t\t<div  class=\"block-0454174f-7333-4e38-940c-e86f46a6027b col areoi-element  gomb-kozepre\">\r\n\t\t\t\r\n\t\t\t\n\r\n\t\t\t\t\r\n\t\t<a \r\n\t\t\t\r\n\t\t\tclass=\"block-cabff3a3-4e09-4470-94a8-c2e037a1c184 btn areoi-has-url position-relative bg-sarga jelentkezes-gomb nyp-gomb btn-primary\"\r\n\t href=\"https:\/\/karrier.ih.gov.hu\/index.php\/jelentkezes\/\" title=\"Technikai h\u00edrszerz\u0151 tiszt\" >\r\n\t\t\t\t\t\r\n\t\t\t\t\tJELENTKEZEM \r\n\t\t\t\t\t\r\n\t\t\t\t\t \r\n\t\t\t\t<\/a>\r\n\t\t\t\n \r\n\t\t\t\r\n\t\t<\/div>\r\n\t\n\n\n<div class=\"wp-block-group is-content-justification-center is-nowrap is-layout-flex wp-container-core-group-is-layout-23441af8 wp-block-group-is-layout-flex\">\r\n\t\t\t\t\r\n\t\t<a \r\n\t\t\tid=\"nyitott-poziciok-technikai-hirszerzo-tiszt\"\r\n\t\t\tclass=\"block-ae1688db-7448-49e3-afa0-20dfa481607e btn areoi-has-url position-relative megosztas fb bg-sarga btn-primary\"\r\n\t href=\"#\" >\r\n\t\t\t\t\t\r\n\t\t\t\t\t   \r\n\t\t\t\t\t\r\n\t\t\t\t\t \r\n\t\t\t\t<\/a>\r\n\t\t\t<\/div>\n","protected":false},"excerpt":{"rendered":"<p>Technikai h\u00edrszerz\u0151 tiszt<\/p>\n","protected":false},"author":1,"featured_media":0,"parent":0,"menu_order":0,"comment_status":"closed","ping_status":"closed","template":"","meta":{"footnotes":""},"class_list":["post-1303","page","type-page","status-publish","hentry"],"_links":{"self":[{"href":"https:\/\/karrier.ih.gov.hu\/index.php\/wp-json\/wp\/v2\/pages\/1303","targetHints":{"allow":["GET"]}}],"collection":[{"href":"https:\/\/karrier.ih.gov.hu\/index.php\/wp-json\/wp\/v2\/pages"}],"about":[{"href":"https:\/\/karrier.ih.gov.hu\/index.php\/wp-json\/wp\/v2\/types\/page"}],"author":[{"embeddable":true,"href":"https:\/\/karrier.ih.gov.hu\/index.php\/wp-json\/wp\/v2\/users\/1"}],"replies":[{"embeddable":true,"href":"https:\/\/karrier.ih.gov.hu\/index.php\/wp-json\/wp\/v2\/comments?post=1303"}],"version-history":[{"count":4,"href":"https:\/\/karrier.ih.gov.hu\/index.php\/wp-json\/wp\/v2\/pages\/1303\/revisions"}],"predecessor-version":[{"id":1343,"href":"https:\/\/karrier.ih.gov.hu\/index.php\/wp-json\/wp\/v2\/pages\/1303\/revisions\/1343"}],"wp:attachment":[{"href":"https:\/\/karrier.ih.gov.hu\/index.php\/wp-json\/wp\/v2\/media?parent=1303"}],"curies":[{"name":"wp","href":"https:\/\/api.w.org\/{rel}","templated":true}]}}