{"id":1323,"date":"2025-11-05T09:51:46","date_gmt":"2025-11-05T07:51:46","guid":{"rendered":"https:\/\/karrier.ih.gov.hu\/?page_id=1323"},"modified":"2025-11-17T13:49:55","modified_gmt":"2025-11-17T11:49:55","slug":"nyitott-poziciok-elemzo-tiszt-2","status":"publish","type":"page","link":"https:\/\/karrier.ih.gov.hu\/index.php\/nyitott-poziciok-elemzo-tiszt-2\/","title":{"rendered":"Elemz\u0151 tiszt"},"content":{"rendered":"\n<h2 class=\"wp-block-heading has-text-align-center bold oldalcim\">Elemz\u0151 tiszt<\/h2>\n\n\n\r\n\t\t<div  class=\"block-afa88d1b-e188-4051-98a6-c40952bdbd07 col areoi-element tartalom-oszlop\">\r\n\t\t\t\r\n\t\t\t\n\n<p class=\"has-contrast-2-color has-text-color has-link-color wp-elements-b439d0760d337e3879bb47d8462f3cf6\"><br>P\u00e1lyakezd\u0151, diplom\u00e1s fiatalk\u00e9nt, vagy tapasztalt szakemberk\u00e9nt karrierlehet\u0151s\u00e9get keresel? K\u00fcl\u00f6nleges hivat\u00e1sra v\u00e1gysz, izgalmas \u00e9s kreat\u00edv feladatokkal? Sz\u00edvesen dolgozn\u00e1l k\u00fclf\u00f6ld\u00f6n is?<br>Ha a v\u00e1laszod igen, r\u00e1ad\u00e1sul kit\u0171n\u0151 az analitikus k\u00e9pess\u00e9ged &#8211; akkor t\u00e9ged keres\u00fcnk!<br><\/p>\n\n\n\n<p class=\"has-contrast-2-color has-text-color has-link-color wp-elements-184a2406bddbedd87efa8815e689b015\"><strong>Milyen feladatokban sz\u00e1m\u00edtunk r\u00e1d?<\/strong><\/p>\n\n\n\n<ul class=\"wp-block-list has-contrast-2-color has-text-color has-link-color wp-elements-6b8bef4e2c24605f1ddcec6a4db29251\">\n<li>az \u00f6sszegy\u0171jt\u00f6tt inform\u00e1ci\u00f3k, dokumentumok elemz\u00e9s\u00e9ben, \u00e9rt\u00e9kel\u00e9s\u00e9ben \u00e9s szintetiz\u00e1l\u00e1s\u00e1ban<\/li>\n\n\n\n<li>k\u00f6vetkeztet\u00e9sek levon\u00e1s\u00e1ban, \u00f6sszef\u00fcgg\u00e9sek felt\u00e9rk\u00e9pez\u00e9s\u00e9ben<\/li>\n\n\n\n<li>t\u00e1j\u00e9koztat\u00f3 jelent\u00e9sek elk\u00e9sz\u00edt\u00e9s\u00e9ben<\/li>\n\n\n\n<li>k\u00fclf\u00f6ldi utaz\u00e1sokban<br><\/li>\n<\/ul>\n\n\n\n<p class=\"has-contrast-2-color has-text-color has-link-color wp-elements-adbb496cddc9f70ddaa765029adde866\"><strong>T\u00e9ged keres\u00fcnk, ha:<\/strong><\/p>\n\n\n\n<ul class=\"wp-block-list has-contrast-2-color has-text-color has-link-color wp-elements-abd9b8d08affa66519fcb0902009ab99\">\n<li>valamely tetsz\u0151leges nyelvb\u0151l rendelkezel fels\u0151fok\u00fa nyelvvizsg\u00e1val \u00e9s akt\u00edv nyelvtud\u00e1ssal<\/li>\n\n\n\n<li>valamely BSc\/MSc k\u00e9pz\u00e9sben diplom\u00e1t szerezt\u00e9l<\/li>\n\n\n\n<li>szereted a kih\u00edv\u00e1sokat<\/li>\n\n\n\n<li>nagyszer\u0171 a probl\u00e9mamegold\u00f3 k\u00e9szs\u00e9ged<\/li>\n\n\n\n<li>sz\u00e9lesk\u00f6r\u0171en t\u00e1j\u00e9kozott vagy a napi politikai \/ k\u00f6z\u00e9leti esem\u00e9nyek ter\u00e9n<\/li>\n\n\n\n<li>rendszerszint\u0171 gondolkod\u00e1s jellemez<\/li>\n<\/ul>\n\n\n\n<p class=\"has-contrast-2-color has-text-color has-link-color wp-elements-57b1df95cd4c64a67f465e0096106089\"><strong>El\u0151nyt jelent:<\/strong><\/p>\n\n\n\n<ul class=\"wp-block-list has-contrast-2-color has-text-color has-link-color wp-elements-ecf9b4410c9d7fc5d3476be350fa37f6\">\n<li>tov\u00e1bbi idegen nyelvek ismerete \u00e9s akt\u00edv haszn\u00e1lata<\/li>\n<\/ul>\n\n\n\n<p class=\"has-contrast-2-color has-text-color has-link-color wp-elements-91c784b7a7b1ed8dba2b4bb3016ceec6\">Amennyiben felkeltett\u00fck \u00e9rdekl\u0151d\u00e9sedet, regisztr\u00e1lj karrieroldalunkon, \u00e9s k\u00fcldd el magyar nyelv\u0171, f\u00e9nyk\u00e9pes \u00f6n\u00e9letrajzodat.<\/p>\n\n \r\n\t\t\t\r\n\t\t<\/div>\r\n\t\n\n\r\n\t\t<div  class=\"block-0454174f-7333-4e38-940c-e86f46a6027b col areoi-element  gomb-kozepre\">\r\n\t\t\t\r\n\t\t\t\n\r\n\t\t\t\t\r\n\t\t<a \r\n\t\t\t\r\n\t\t\tclass=\"block-cabff3a3-4e09-4470-94a8-c2e037a1c184 btn areoi-has-url position-relative bg-sarga jelentkezes-gomb nyp-gomb btn-primary\"\r\n\t href=\"https:\/\/karrier.ih.gov.hu\/index.php\/jelentkezes\/\" title=\"elemz\u0151 tiszt\" >\r\n\t\t\t\t\t\r\n\t\t\t\t\tJELENTKEZEM \r\n\t\t\t\t\t\r\n\t\t\t\t\t \r\n\t\t\t\t<\/a>\r\n\t\t\t\n \r\n\t\t\t\r\n\t\t<\/div>\r\n\t\n\n\n<div class=\"wp-block-group is-content-justification-center is-nowrap is-layout-flex wp-container-core-group-is-layout-23441af8 wp-block-group-is-layout-flex\">\r\n\t\t\t\t\r\n\t\t<a \r\n\t\t\tid=\"nyitott-poziciok-elemzo-tiszt-2\"\r\n\t\t\tclass=\"block-ae1688db-7448-49e3-afa0-20dfa481607e btn areoi-has-url position-relative megosztas fb bg-sarga btn-primary\"\r\n\t href=\"#\" >\r\n\t\t\t\t\t\r\n\t\t\t\t\t   \r\n\t\t\t\t\t\r\n\t\t\t\t\t \r\n\t\t\t\t<\/a>\r\n\t\t\t<\/div>\n","protected":false},"excerpt":{"rendered":"<p>Elemz\u0151 tiszt<\/p>\n","protected":false},"author":1,"featured_media":0,"parent":0,"menu_order":0,"comment_status":"closed","ping_status":"closed","template":"","meta":{"footnotes":""},"class_list":["post-1323","page","type-page","status-publish","hentry"],"_links":{"self":[{"href":"https:\/\/karrier.ih.gov.hu\/index.php\/wp-json\/wp\/v2\/pages\/1323","targetHints":{"allow":["GET"]}}],"collection":[{"href":"https:\/\/karrier.ih.gov.hu\/index.php\/wp-json\/wp\/v2\/pages"}],"about":[{"href":"https:\/\/karrier.ih.gov.hu\/index.php\/wp-json\/wp\/v2\/types\/page"}],"author":[{"embeddable":true,"href":"https:\/\/karrier.ih.gov.hu\/index.php\/wp-json\/wp\/v2\/users\/1"}],"replies":[{"embeddable":true,"href":"https:\/\/karrier.ih.gov.hu\/index.php\/wp-json\/wp\/v2\/comments?post=1323"}],"version-history":[{"count":3,"href":"https:\/\/karrier.ih.gov.hu\/index.php\/wp-json\/wp\/v2\/pages\/1323\/revisions"}],"predecessor-version":[{"id":1345,"href":"https:\/\/karrier.ih.gov.hu\/index.php\/wp-json\/wp\/v2\/pages\/1323\/revisions\/1345"}],"wp:attachment":[{"href":"https:\/\/karrier.ih.gov.hu\/index.php\/wp-json\/wp\/v2\/media?parent=1323"}],"curies":[{"name":"wp","href":"https:\/\/api.w.org\/{rel}","templated":true}]}}