{"id":1351,"date":"2025-11-05T11:22:13","date_gmt":"2025-11-05T09:22:13","guid":{"rendered":"https:\/\/karrier.ih.gov.hu\/?page_id=1351"},"modified":"2025-11-17T13:51:34","modified_gmt":"2025-11-17T11:51:34","slug":"nyitott-poziciok-penzpiaci-elemzo","status":"publish","type":"page","link":"https:\/\/karrier.ih.gov.hu\/index.php\/nyitott-poziciok-penzpiaci-elemzo\/","title":{"rendered":"P\u00e9nzpiaci elemz\u0151"},"content":{"rendered":"\n<h2 class=\"wp-block-heading has-text-align-center bold oldalcim\">P\u00e9nzpiaci elemz\u0151<\/h2>\n\n\n\r\n\t\t<div  class=\"block-ec75ff6e-50a7-4350-99d7-099e40d015b1 col areoi-element tartalom-oszlop\">\r\n\t\t\t\r\n\t\t\t\n\n<p class=\"has-contrast-2-color has-text-color has-link-color wp-elements-184a2406bddbedd87efa8815e689b015\"><strong>Milyen feladatokban sz\u00e1m\u00edtunk r\u00e1d?<\/strong><\/p>\n\n\n\n<ul class=\"wp-block-list\">\n<li>p\u00e9nzpiaci trendek \u00e9s fejlem\u00e9nyek nyomon k\u00f6vet\u00e9s\u00e9ben, elemz\u00e9s\u00e9ben<\/li>\n\n\n\n<li>k\u00fcl\u00f6nb\u00f6z\u0151 p\u00e9nzpiaci eszk\u00f6z\u00f6k (pl. k\u00f6tv\u00e9nyek, kamatl\u00e1bak) teljes\u00edtm\u00e9ny\u00e9nek \u00e9rt\u00e9kel\u00e9s\u00e9ben<\/li>\n\n\n\n<li>gazdas\u00e1gi \u00e9s p\u00e9nzpiaci jelent\u00e9sek elk\u00e9sz\u00edt\u00e9s\u00e9ben<\/li>\n\n\n\n<li>elemz\u00e9si eredm\u00e9nyek \u00e9s aj\u00e1nl\u00e1sok el\u0151k\u00e9sz\u00edt\u00e9s\u00e9ben a d\u00f6nt\u00e9shoz\u00f3k sz\u00e1m\u00e1ra<\/li>\n<\/ul>\n\n\n\n<p class=\"has-contrast-2-color has-text-color has-link-color wp-elements-adbb496cddc9f70ddaa765029adde866\"><strong>T\u00e9ged keres\u00fcnk, ha:<\/strong><\/p>\n\n\n\n<ul class=\"wp-block-list\">\n<li>fels\u0151fok\u00fa gazdas\u00e1gi v\u00e9gzetts\u00e9ged van (p\u00e9nz\u00fcgy, k\u00f6zgazdas\u00e1gtan, vagy hasonl\u00f3 ter\u00fcleten)<\/li>\n\n\n\n<li>kiv\u00e1l\u00f3 analitikai \u00e9s statisztikai k\u00e9szs\u00e9gekkel b\u00edrsz<\/li>\n\n\n\n<li>az angol nyelvet magabiztos haszn\u00e1lod (fels\u0151fok\u00fa nyelvvizsga)<\/li>\n<\/ul>\n\n\n\n<p class=\"has-contrast-2-color has-text-color has-link-color wp-elements-57b1df95cd4c64a67f465e0096106089\"><strong>El\u0151nyt jelent:<\/strong><\/p>\n\n\n\n<ul class=\"wp-block-list\">\n<li>tapasztalat p\u00e9nzpiaci elemz\u00e9sben vagy p\u00e9nz\u00fcgyi szektorban<\/li>\n\n\n\n<li>az angol mellett tov\u00e1bbi idegen nyelvek ismerete<\/li>\n<\/ul>\n\n\n\n<p class=\"has-contrast-2-color has-text-color has-link-color wp-elements-91c784b7a7b1ed8dba2b4bb3016ceec6\">Amennyiben felkeltett\u00fck \u00e9rdekl\u0151d\u00e9sedet, regisztr\u00e1lj karrieroldalunkon, \u00e9s k\u00fcldd el magyar nyelv\u0171, f\u00e9nyk\u00e9pes \u00f6n\u00e9letrajzodat.<\/p>\n\n \r\n\t\t\t\r\n\t\t<\/div>\r\n\t\n\n\r\n\t\t<div  class=\"block-0454174f-7333-4e38-940c-e86f46a6027b col areoi-element  gomb-kozepre\">\r\n\t\t\t\r\n\t\t\t\n\r\n\t\t\t\t\r\n\t\t<a \r\n\t\t\t\r\n\t\t\tclass=\"block-cabff3a3-4e09-4470-94a8-c2e037a1c184 btn areoi-has-url position-relative bg-sarga jelentkezes-gomb nyp-gomb btn-primary\"\r\n\t href=\"https:\/\/karrier.ih.gov.hu\/index.php\/jelentkezes\/\" title=\"P\u00e9nzpiaci elemz\u0151\" >\r\n\t\t\t\t\t\r\n\t\t\t\t\tJELENTKEZEM \r\n\t\t\t\t\t\r\n\t\t\t\t\t \r\n\t\t\t\t<\/a>\r\n\t\t\t\n \r\n\t\t\t\r\n\t\t<\/div>\r\n\t\n\n\n<div class=\"wp-block-group is-content-justification-center is-nowrap is-layout-flex wp-container-core-group-is-layout-23441af8 wp-block-group-is-layout-flex\">\r\n\t\t\t\t\r\n\t\t<a \r\n\t\t\tid=\"nyitott-poziciok-penzpiaci-elemzo\"\r\n\t\t\tclass=\"block-ae1688db-7448-49e3-afa0-20dfa481607e btn areoi-has-url position-relative megosztas fb bg-sarga btn-primary\"\r\n\t href=\"#\" >\r\n\t\t\t\t\t\r\n\t\t\t\t\t   \r\n\t\t\t\t\t\r\n\t\t\t\t\t \r\n\t\t\t\t<\/a>\r\n\t\t\t<\/div>\n","protected":false},"excerpt":{"rendered":"<p>P\u00e9nzpiaci elemz\u0151<\/p>\n","protected":false},"author":1,"featured_media":0,"parent":0,"menu_order":0,"comment_status":"closed","ping_status":"closed","template":"","meta":{"footnotes":""},"class_list":["post-1351","page","type-page","status-publish","hentry"],"_links":{"self":[{"href":"https:\/\/karrier.ih.gov.hu\/index.php\/wp-json\/wp\/v2\/pages\/1351","targetHints":{"allow":["GET"]}}],"collection":[{"href":"https:\/\/karrier.ih.gov.hu\/index.php\/wp-json\/wp\/v2\/pages"}],"about":[{"href":"https:\/\/karrier.ih.gov.hu\/index.php\/wp-json\/wp\/v2\/types\/page"}],"author":[{"embeddable":true,"href":"https:\/\/karrier.ih.gov.hu\/index.php\/wp-json\/wp\/v2\/users\/1"}],"replies":[{"embeddable":true,"href":"https:\/\/karrier.ih.gov.hu\/index.php\/wp-json\/wp\/v2\/comments?post=1351"}],"version-history":[{"count":4,"href":"https:\/\/karrier.ih.gov.hu\/index.php\/wp-json\/wp\/v2\/pages\/1351\/revisions"}],"predecessor-version":[{"id":1355,"href":"https:\/\/karrier.ih.gov.hu\/index.php\/wp-json\/wp\/v2\/pages\/1351\/revisions\/1355"}],"wp:attachment":[{"href":"https:\/\/karrier.ih.gov.hu\/index.php\/wp-json\/wp\/v2\/media?parent=1351"}],"curies":[{"name":"wp","href":"https:\/\/api.w.org\/{rel}","templated":true}]}}