{"id":1372,"date":"2025-11-05T12:03:51","date_gmt":"2025-11-05T10:03:51","guid":{"rendered":"https:\/\/karrier.ih.gov.hu\/?page_id=1372"},"modified":"2026-01-09T13:19:02","modified_gmt":"2026-01-09T11:19:02","slug":"nyitott-poziciok-pentester-etikus-hacker-forensic-szakember","status":"publish","type":"page","link":"https:\/\/karrier.ih.gov.hu\/index.php\/nyitott-poziciok-pentester-etikus-hacker-forensic-szakember\/","title":{"rendered":"Pentester \/ Etikus hacker \/ Forensic szakember"},"content":{"rendered":"\n<h2 class=\"wp-block-heading has-text-align-center bold oldalcim\">Pentester \/ Etikus hacker \/ Forensic szakember<\/h2>\n\n\n\r\n\t\t<div  class=\"block-4ee89e59-1b5c-40f5-91fb-690e09025eee col areoi-element tartalom-oszlop\">\r\n\t\t\t\r\n\t\t\t\n\n<p class=\"has-contrast-2-color has-text-color has-link-color wp-elements-5d729671b34fb813eff06bd4dc38d6f6\"><\/p>\n\n\n\n<p class=\"has-contrast-2-color has-text-color has-link-color wp-elements-184a2406bddbedd87efa8815e689b015\"><strong>Milyen feladatokban sz\u00e1m\u00edtunk r\u00e1d?<\/strong><\/p>\n\n\n\n<ul class=\"wp-block-list has-contrast-2-color has-text-color has-link-color wp-elements-71aab104a657ccb97a9f38a4632629ca\">\n<li>kiberoffenz\u00edv m\u0171veletek tervez\u00e9s\u00e9ben \u00e9s v\u00e9grehajt\u00e1s\u00e1ban<\/li>\n\n\n\n<li>webalkalmaz\u00e1sok \u00e9s infrastrukt\u00far\u00e1k pentestel\u00e9s\u00e9ben<\/li>\n\n\n\n<li>OpSec feladatok ell\u00e1t\u00e1s\u00e1ban, anonimiz\u00e1ci\u00f3s l\u00e1ncok kialak\u00edt\u00e1s\u00e1ban \u00e9s \u00fczemeltet\u00e9s\u00e9ben<\/li>\n\n\n\n<li>kiberincidensek elemz\u00e9s\u00e9ben<\/li>\n<\/ul>\n\n\n\n<p class=\"has-contrast-2-color has-text-color has-link-color wp-elements-adbb496cddc9f70ddaa765029adde866\"><strong>T\u00e9ged keres\u00fcnk, ha:<\/strong><\/p>\n\n\n\n<ul class=\"wp-block-list has-contrast-2-color has-text-color has-link-color wp-elements-d7813734302e35d618bc85ae38221a89\">\n<li>van tapasztalatod IT biztons\u00e1gi ter\u00fcleten<\/li>\n\n\n\n<li>rendelkezel minimum alapszint\u0171 Linux ismeretekkel<\/li>\n\n\n\n<li>ismersz legal\u00e1bb egy programoz\u00e1si nyelvet<\/li>\n\n\n\n<li>k\u00e9pes vagy \u00f6n\u00e1ll\u00f3 tanul\u00e1sra \u00e9s munkav\u00e9gz\u00e9sre<\/li>\n\n\n\n<li>legal\u00e1bb er\u0151s k\u00f6z\u00e9pszint\u0171 az angol nyelvtud\u00e1sod<\/li>\n<\/ul>\n\n\n\n<p class=\"has-contrast-2-color has-text-color has-link-color wp-elements-57b1df95cd4c64a67f465e0096106089\"><strong>El\u0151nyt jelent:<\/strong><\/p>\n\n\n\n<ul class=\"wp-block-list has-contrast-2-color has-text-color has-link-color wp-elements-b03083fe2db9d811cd1f7484aaa5dae3\">\n<li>IT\/m\u00e9rn\u00f6ki diploma<\/li>\n\n\n\n<li>IT Security certek megl\u00e9te (CEH, OSCP stb.)<\/li>\n\n\n\n<li>Red Team (de ak\u00e1r Gray\/Black Hat) tapasztalatok<\/li>\n\n\n\n<li>forensic tapasztalat\/\u00e9rdekl\u0151d\u00e9s<\/li>\n<\/ul>\n\n\n\n<p class=\"has-contrast-2-color has-text-color has-link-color wp-elements-91c784b7a7b1ed8dba2b4bb3016ceec6\">Amennyiben felkeltett\u00fck \u00e9rdekl\u0151d\u00e9sedet, regisztr\u00e1lj karrieroldalunkon, \u00e9s k\u00fcldd el magyar nyelv\u0171, f\u00e9nyk\u00e9pes \u00f6n\u00e9letrajzodat.<\/p>\n\n \r\n\t\t\t\r\n\t\t<\/div>\r\n\t\n\n\r\n\t\t<div  class=\"block-0454174f-7333-4e38-940c-e86f46a6027b col areoi-element  gomb-kozepre\">\r\n\t\t\t\r\n\t\t\t\n\r\n\t\t\t\t\r\n\t\t<a \r\n\t\t\t\r\n\t\t\tclass=\"block-cabff3a3-4e09-4470-94a8-c2e037a1c184 btn areoi-has-url position-relative bg-sarga jelentkezes-gomb nyp-gomb btn-primary\"\r\n\t href=\"https:\/\/karrier.ih.gov.hu\/index.php\/jelentkezes\/\" title=\"Pentester \/ Etikus hacker \/ Forensic szakember\" >\r\n\t\t\t\t\t\r\n\t\t\t\t\tJELENTKEZEM \r\n\t\t\t\t\t\r\n\t\t\t\t\t \r\n\t\t\t\t<\/a>\r\n\t\t\t\n \r\n\t\t\t\r\n\t\t<\/div>\r\n\t\n\n\n<div class=\"wp-block-group is-content-justification-center is-nowrap is-layout-flex wp-container-core-group-is-layout-23441af8 wp-block-group-is-layout-flex\">\r\n\t\t\t\t\r\n\t\t<a \r\n\t\t\tid=\"nyitott-poziciok-pentester-etikus-hacker-forensic-szakember\"\r\n\t\t\tclass=\"block-ae1688db-7448-49e3-afa0-20dfa481607e btn areoi-has-url position-relative megosztas fb bg-sarga btn-primary\"\r\n\t href=\"#\" >\r\n\t\t\t\t\t\r\n\t\t\t\t\t   \r\n\t\t\t\t\t\r\n\t\t\t\t\t \r\n\t\t\t\t<\/a>\r\n\t\t\t<\/div>\n","protected":false},"excerpt":{"rendered":"<p>Pentester \/ Etikus hacker \/ Forensic szakember<\/p>\n","protected":false},"author":1,"featured_media":0,"parent":0,"menu_order":0,"comment_status":"closed","ping_status":"closed","template":"","meta":{"footnotes":""},"class_list":["post-1372","page","type-page","status-publish","hentry"],"_links":{"self":[{"href":"https:\/\/karrier.ih.gov.hu\/index.php\/wp-json\/wp\/v2\/pages\/1372","targetHints":{"allow":["GET"]}}],"collection":[{"href":"https:\/\/karrier.ih.gov.hu\/index.php\/wp-json\/wp\/v2\/pages"}],"about":[{"href":"https:\/\/karrier.ih.gov.hu\/index.php\/wp-json\/wp\/v2\/types\/page"}],"author":[{"embeddable":true,"href":"https:\/\/karrier.ih.gov.hu\/index.php\/wp-json\/wp\/v2\/users\/1"}],"replies":[{"embeddable":true,"href":"https:\/\/karrier.ih.gov.hu\/index.php\/wp-json\/wp\/v2\/comments?post=1372"}],"version-history":[{"count":3,"href":"https:\/\/karrier.ih.gov.hu\/index.php\/wp-json\/wp\/v2\/pages\/1372\/revisions"}],"predecessor-version":[{"id":1535,"href":"https:\/\/karrier.ih.gov.hu\/index.php\/wp-json\/wp\/v2\/pages\/1372\/revisions\/1535"}],"wp:attachment":[{"href":"https:\/\/karrier.ih.gov.hu\/index.php\/wp-json\/wp\/v2\/media?parent=1372"}],"curies":[{"name":"wp","href":"https:\/\/api.w.org\/{rel}","templated":true}]}}