{"id":1401,"date":"2025-11-05T14:10:20","date_gmt":"2025-11-05T12:10:20","guid":{"rendered":"https:\/\/karrier.ih.gov.hu\/?page_id=1401"},"modified":"2025-11-17T13:58:38","modified_gmt":"2025-11-17T11:58:38","slug":"nyitott-poziciok-help-desk-munkatars","status":"publish","type":"page","link":"https:\/\/karrier.ih.gov.hu\/index.php\/nyitott-poziciok-help-desk-munkatars\/","title":{"rendered":"Help Desk munkat\u00e1rs"},"content":{"rendered":"\n<h2 class=\"wp-block-heading has-text-align-center bold oldalcim\">Help Desk munkat\u00e1rs<\/h2>\n\n\n\r\n\t\t<div  class=\"block-1fe936ef-474b-4579-9a16-3390f5c135e4 col areoi-element tartalom-oszlop\">\r\n\t\t\t\r\n\t\t\t\n\n<p class=\"has-contrast-2-color has-text-color has-link-color wp-elements-6272091fdaca2d644fc22f599139bd0e\">Sz\u00edvesen lenn\u00e9l olyan csapat tagja, ahol val\u00f3di seg\u00edts\u00e9get ny\u00fajthatsz a felhaszn\u00e1l\u00f3knak? Ha szeretsz probl\u00e9m\u00e1kat megoldani, \u00e9s \u00e9rtesz az IT-hez, k\u00f6zt\u00fcnk a helyed!<\/p>\n\n\n\n<p class=\"has-contrast-2-color has-text-color has-link-color wp-elements-184a2406bddbedd87efa8815e689b015\"><strong>Milyen feladatokban sz\u00e1m\u00edtunk r\u00e1d?<\/strong><\/p>\n\n\n\n<ul class=\"wp-block-list\">\n<li>felhaszn\u00e1l\u00f3i k\u00e9r\u00e9sek \u00e9s probl\u00e9m\u00e1k fogad\u00e1s\u00e1ban, kezel\u00e9s\u00e9ben (telefonon, e-mailben, ticket rendszerben)<\/li>\n\n\n\n<li>IT-eszk\u00f6z\u00f6k \u00e9s szoftverek telep\u00edt\u00e9s\u00e9ben, konfigur\u00e1l\u00e1s\u00e1ban, karbantart\u00e1s\u00e1ban<\/li>\n\n\n\n<li>h\u00e1l\u00f3zati \u00e9s rendszerhib\u00e1k diagnosztiz\u00e1l\u00e1s\u00e1ban, alapvet\u0151 hibaelh\u00e1r\u00edt\u00e1sban<\/li>\n\n\n\n<li>a felhaszn\u00e1l\u00f3k t\u00e1mogat\u00e1s\u00e1ban Microsoft Windows \u00e9s Office k\u00f6rnyezet eset\u00e9n<\/li>\n\n\n\n<li>a rendszergazd\u00e1kkal \u00e9s fejleszt\u0151kkel egy\u00fcttm\u0171k\u00f6dve, bonyolultabb probl\u00e9m\u00e1k megold\u00e1s\u00e1ban <\/li>\n\n\n\n<li>IT-dokument\u00e1ci\u00f3k k\u00e9sz\u00edt\u00e9s\u00e9ben \u00e9s friss\u00edt\u00e9s\u00e9ben<\/li>\n<\/ul>\n\n\n\n<p class=\"has-contrast-2-color has-text-color has-link-color wp-elements-adbb496cddc9f70ddaa765029adde866\"><strong>T\u00e9ged keres\u00fcnk, ha:<\/strong><\/p>\n\n\n\n<ul class=\"wp-block-list\">\n<li>van k\u00f6z\u00e9pfok\u00fa informatikai v\u00e9gzetts\u00e9ged vagy relev\u00e1ns tapasztalatod<\/li>\n\n\n\n<li>magabiztosan kommunik\u00e1lsz \u00e9s t\u00fcrelmes vagy a felhaszn\u00e1l\u00f3kkal<\/li>\n\n\n\n<li>ismered a Windows oper\u00e1ci\u00f3s rendszerek m\u0171k\u00f6d\u00e9s\u00e9t \u00e9s alapvet\u0151 h\u00e1l\u00f3zati fogalmakat<\/li>\n\n\n\n<li>megb\u00edzhat\u00f3 vagy, prec\u00edzen \u00e9s \u00f6n\u00e1ll\u00f3an dolgozol<\/li>\n<\/ul>\n\n\n\n<p class=\"has-contrast-2-color has-text-color has-link-color wp-elements-57b1df95cd4c64a67f465e0096106089\"><strong>El\u0151nyt jelent:<\/strong><\/p>\n\n\n\n<ul class=\"wp-block-list\">\n<li>IT Help Desk, vagy \u00fcgyf\u00e9lszolg\u00e1lati tapasztalat<\/li>\n\n\n\n<li>alapszint\u0171 hardver- \u00e9s h\u00e1l\u00f3zati ismeretek<\/li>\n<\/ul>\n\n\n\n<p class=\"has-contrast-2-color has-text-color has-link-color wp-elements-91c784b7a7b1ed8dba2b4bb3016ceec6\">Amennyiben felkeltett\u00fck \u00e9rdekl\u0151d\u00e9sedet, regisztr\u00e1lj karrieroldalunkon, \u00e9s k\u00fcldd el magyar nyelv\u0171, f\u00e9nyk\u00e9pes \u00f6n\u00e9letrajzodat.<\/p>\n\n \r\n\t\t\t\r\n\t\t<\/div>\r\n\t\n\n\r\n\t\t<div  class=\"block-0454174f-7333-4e38-940c-e86f46a6027b col areoi-element  gomb-kozepre\">\r\n\t\t\t\r\n\t\t\t\n\r\n\t\t\t\t\r\n\t\t<a \r\n\t\t\t\r\n\t\t\tclass=\"block-cabff3a3-4e09-4470-94a8-c2e037a1c184 btn areoi-has-url position-relative bg-sarga jelentkezes-gomb nyp-gomb btn-primary\"\r\n\t href=\"https:\/\/karrier.ih.gov.hu\/index.php\/jelentkezes\/\" title=\"Help Desk munkat\u00e1rs\" >\r\n\t\t\t\t\t\r\n\t\t\t\t\tJELENTKEZEM \r\n\t\t\t\t\t\r\n\t\t\t\t\t \r\n\t\t\t\t<\/a>\r\n\t\t\t\n \r\n\t\t\t\r\n\t\t<\/div>\r\n\t\n\n\n<div class=\"wp-block-group is-content-justification-center is-nowrap is-layout-flex wp-container-core-group-is-layout-23441af8 wp-block-group-is-layout-flex\">\r\n\t\t\t\t\r\n\t\t<a \r\n\t\t\tid=\"nyitott-poziciok-help-desk-munkatars\"\r\n\t\t\tclass=\"block-ae1688db-7448-49e3-afa0-20dfa481607e btn areoi-has-url position-relative megosztas fb bg-sarga btn-primary\"\r\n\t href=\"#\" >\r\n\t\t\t\t\t\r\n\t\t\t\t\t   \r\n\t\t\t\t\t\r\n\t\t\t\t\t \r\n\t\t\t\t<\/a>\r\n\t\t\t<\/div>\n","protected":false},"excerpt":{"rendered":"<p>Help Desk munkat\u00e1rs<\/p>\n","protected":false},"author":1,"featured_media":0,"parent":0,"menu_order":0,"comment_status":"closed","ping_status":"closed","template":"","meta":{"footnotes":""},"class_list":["post-1401","page","type-page","status-publish","hentry"],"_links":{"self":[{"href":"https:\/\/karrier.ih.gov.hu\/index.php\/wp-json\/wp\/v2\/pages\/1401","targetHints":{"allow":["GET"]}}],"collection":[{"href":"https:\/\/karrier.ih.gov.hu\/index.php\/wp-json\/wp\/v2\/pages"}],"about":[{"href":"https:\/\/karrier.ih.gov.hu\/index.php\/wp-json\/wp\/v2\/types\/page"}],"author":[{"embeddable":true,"href":"https:\/\/karrier.ih.gov.hu\/index.php\/wp-json\/wp\/v2\/users\/1"}],"replies":[{"embeddable":true,"href":"https:\/\/karrier.ih.gov.hu\/index.php\/wp-json\/wp\/v2\/comments?post=1401"}],"version-history":[{"count":2,"href":"https:\/\/karrier.ih.gov.hu\/index.php\/wp-json\/wp\/v2\/pages\/1401\/revisions"}],"predecessor-version":[{"id":1403,"href":"https:\/\/karrier.ih.gov.hu\/index.php\/wp-json\/wp\/v2\/pages\/1401\/revisions\/1403"}],"wp:attachment":[{"href":"https:\/\/karrier.ih.gov.hu\/index.php\/wp-json\/wp\/v2\/media?parent=1401"}],"curies":[{"name":"wp","href":"https:\/\/api.w.org\/{rel}","templated":true}]}}