{"id":1404,"date":"2025-11-05T14:19:42","date_gmt":"2025-11-05T12:19:42","guid":{"rendered":"https:\/\/karrier.ih.gov.hu\/?page_id=1404"},"modified":"2025-11-17T13:59:03","modified_gmt":"2025-11-17T11:59:03","slug":"nyitott-poziciok-java-fejleszto","status":"publish","type":"page","link":"https:\/\/karrier.ih.gov.hu\/index.php\/nyitott-poziciok-java-fejleszto\/","title":{"rendered":"Java fejleszt\u0151"},"content":{"rendered":"\n<h2 class=\"wp-block-heading has-text-align-center bold oldalcim\">Java fejleszt\u0151<\/h2>\n\n\n\r\n\t\t<div  class=\"block-1fe936ef-474b-4579-9a16-3390f5c135e4 col areoi-element tartalom-oszlop\">\r\n\t\t\t\r\n\t\t\t\n\n<p class=\"has-contrast-2-color has-text-color has-link-color wp-elements-184a2406bddbedd87efa8815e689b015\"><strong>Milyen feladatokban sz\u00e1m\u00edtunk r\u00e1d?<\/strong><\/p>\n\n\n\n<ul class=\"wp-block-list\">\n<li>backend alkalmaz\u00e1sok fejleszt\u00e9s\u00e9ben Java \u00e9s Spring Boot technol\u00f3gi\u00e1val<\/li>\n\n\n\n<li>az alkalmaz\u00e1s-architekt\u00fara tervez\u00e9s\u00e9ben<\/li>\n\n\n\n<li>API-k fejleszt\u00e9s\u00e9ben \u00e9s integr\u00e1l\u00e1s\u00e1ban k\u00fcls\u0151 rendszerekkel<\/li>\n\n\n\n<li>k\u00f3doptimaliz\u00e1l\u00e1sban, hibajav\u00edt\u00e1sban \u00e9s teljes\u00edtm\u00e9nyn\u00f6vel\u00e9sben<\/li>\n\n\n\n<li>a frontend fejleszt\u0151kkel \u00e9s a DevOps csapattal val\u00f3 egy\u00fcttm\u0171k\u00f6d\u00e9sben<\/li>\n\n\n\n<li>tesztek \u00edr\u00e1s\u00e1ban \u00e9s karbantart\u00e1s\u00e1ban (JUnit, Mockito)<\/li>\n<\/ul>\n\n\n\n<p class=\"has-contrast-2-color has-text-color has-link-color wp-elements-adbb496cddc9f70ddaa765029adde866\"><strong>T\u00e9ged keres\u00fcnk, ha:<\/strong><\/p>\n\n\n\n<ul class=\"wp-block-list\">\n<li>legal\u00e1bb 2 \u00e9v tapasztalatod van Java fejleszt\u00e9sben<\/li>\n\n\n\n<li>magabiztosan haszn\u00e1lod az SQL adatb\u00e1zisokat<\/li>\n\n\n\n<li>\u00e9rtesz a verzi\u00f3kezel\u0151 rendszerekhez (Git)<\/li>\n\n\n\n<li>nyitott vagy a folyamatos tanul\u00e1sra \u00e9s csapatmunk\u00e1ra<\/li>\n<\/ul>\n\n\n\n<p class=\"has-contrast-2-color has-text-color has-link-color wp-elements-57b1df95cd4c64a67f465e0096106089\"><strong>El\u0151nyt jelent:<\/strong><\/p>\n\n\n\n<ul class=\"wp-block-list\">\n<li>Spring Boot keretrendszer ismerete<\/li>\n\n\n\n<li>gyakorlat No SQL adatb\u00e1zisok ter\u00e9n\n<ul class=\"wp-block-list\">\n<li>Docker \u00e9s Kubernetes k\u00f6rnyezetben szerzett j\u00e1rtass\u00e1g<\/li>\n<\/ul>\n<\/li>\n\n\n\n<li>Elasticsearch vagy Kafka technol\u00f3gi\u00e1k ismerete<\/li>\n\n\n\n<li>CI\/CD folyamatokban szerzett tapasztalat<\/li>\n<\/ul>\n\n\n\n<p class=\"has-contrast-2-color has-text-color has-link-color wp-elements-91c784b7a7b1ed8dba2b4bb3016ceec6\">Amennyiben felkeltett\u00fck \u00e9rdekl\u0151d\u00e9sedet, regisztr\u00e1lj karrieroldalunkon, \u00e9s k\u00fcldd el magyar nyelv\u0171, f\u00e9nyk\u00e9pes \u00f6n\u00e9letrajzodat.<\/p>\n\n \r\n\t\t\t\r\n\t\t<\/div>\r\n\t\n\n\r\n\t\t<div  class=\"block-0454174f-7333-4e38-940c-e86f46a6027b col areoi-element  gomb-kozepre\">\r\n\t\t\t\r\n\t\t\t\n\r\n\t\t\t\t\r\n\t\t<a \r\n\t\t\t\r\n\t\t\tclass=\"block-cabff3a3-4e09-4470-94a8-c2e037a1c184 btn areoi-has-url position-relative bg-sarga jelentkezes-gomb nyp-gomb btn-primary\"\r\n\t href=\"https:\/\/karrier.ih.gov.hu\/index.php\/jelentkezes\/\" title=\"Java fejleszt\u0151\" >\r\n\t\t\t\t\t\r\n\t\t\t\t\tJELENTKEZEM \r\n\t\t\t\t\t\r\n\t\t\t\t\t \r\n\t\t\t\t<\/a>\r\n\t\t\t\n \r\n\t\t\t\r\n\t\t<\/div>\r\n\t\n\n\n<div class=\"wp-block-group is-content-justification-center is-nowrap is-layout-flex wp-container-core-group-is-layout-23441af8 wp-block-group-is-layout-flex\">\r\n\t\t\t\t\r\n\t\t<a \r\n\t\t\tid=\"nyitott-poziciok-java-fejleszto\"\r\n\t\t\tclass=\"block-ae1688db-7448-49e3-afa0-20dfa481607e btn areoi-has-url position-relative megosztas fb bg-sarga btn-primary\"\r\n\t href=\"#\" >\r\n\t\t\t\t\t\r\n\t\t\t\t\t   \r\n\t\t\t\t\t\r\n\t\t\t\t\t \r\n\t\t\t\t<\/a>\r\n\t\t\t<\/div>\n","protected":false},"excerpt":{"rendered":"<p>Java fejleszt\u0151<\/p>\n","protected":false},"author":1,"featured_media":0,"parent":0,"menu_order":0,"comment_status":"closed","ping_status":"closed","template":"","meta":{"footnotes":""},"class_list":["post-1404","page","type-page","status-publish","hentry"],"_links":{"self":[{"href":"https:\/\/karrier.ih.gov.hu\/index.php\/wp-json\/wp\/v2\/pages\/1404","targetHints":{"allow":["GET"]}}],"collection":[{"href":"https:\/\/karrier.ih.gov.hu\/index.php\/wp-json\/wp\/v2\/pages"}],"about":[{"href":"https:\/\/karrier.ih.gov.hu\/index.php\/wp-json\/wp\/v2\/types\/page"}],"author":[{"embeddable":true,"href":"https:\/\/karrier.ih.gov.hu\/index.php\/wp-json\/wp\/v2\/users\/1"}],"replies":[{"embeddable":true,"href":"https:\/\/karrier.ih.gov.hu\/index.php\/wp-json\/wp\/v2\/comments?post=1404"}],"version-history":[{"count":1,"href":"https:\/\/karrier.ih.gov.hu\/index.php\/wp-json\/wp\/v2\/pages\/1404\/revisions"}],"predecessor-version":[{"id":1405,"href":"https:\/\/karrier.ih.gov.hu\/index.php\/wp-json\/wp\/v2\/pages\/1404\/revisions\/1405"}],"wp:attachment":[{"href":"https:\/\/karrier.ih.gov.hu\/index.php\/wp-json\/wp\/v2\/media?parent=1404"}],"curies":[{"name":"wp","href":"https:\/\/api.w.org\/{rel}","templated":true}]}}