{"id":1409,"date":"2025-11-05T14:49:51","date_gmt":"2025-11-05T12:49:51","guid":{"rendered":"https:\/\/karrier.ih.gov.hu\/?page_id=1409"},"modified":"2026-01-09T13:19:53","modified_gmt":"2026-01-09T11:19:53","slug":"nyitott-poziciok-nyelvi-feldolgozo","status":"publish","type":"page","link":"https:\/\/karrier.ih.gov.hu\/index.php\/nyitott-poziciok-nyelvi-feldolgozo\/","title":{"rendered":"Nyelvi feldolgoz\u00f3"},"content":{"rendered":"\n<h2 class=\"wp-block-heading has-text-align-center bold oldalcim\">Nyelvi feldolgoz\u00f3<\/h2>\n\n\n\r\n\t\t<div  class=\"block-149bf06c-5f87-43c5-9fe7-fad06af1f7d4 col areoi-element tartalom-oszlop\">\r\n\t\t\t\r\n\t\t\t\n\n<p class=\"has-contrast-2-color has-text-color has-link-color wp-elements-5d729671b34fb813eff06bd4dc38d6f6\"><\/p>\n\n\n\n<p class=\"has-contrast-2-color has-text-color has-link-color wp-elements-184a2406bddbedd87efa8815e689b015\"><strong>Milyen feladatokban sz\u00e1m\u00edtunk r\u00e1d?<\/strong><\/p>\n\n\n\n<ul class=\"wp-block-list has-contrast-2-color has-text-color has-link-color wp-elements-a1618c293243b31b57f08fe510b887d3\">\n<li>\u00edrott idegen nyelvi sz\u00f6vegek ford\u00edt\u00e1s\u00e1ban, \u00e9rtelmez\u00e9s\u00e9ben \u00e9s feldolgoz\u00e1s\u00e1ban<\/li>\n\n\n\n<li>idegen nyelv\u0171 hanganyagok feldolgoz\u00e1s\u00e1ban<\/li>\n<\/ul>\n\n\n\n<p class=\"has-contrast-2-color has-text-color has-link-color wp-elements-adbb496cddc9f70ddaa765029adde866\"><strong>T\u00e9ged keres\u00fcnk, ha:<\/strong><\/p>\n\n\n\n<ul class=\"wp-block-list has-contrast-2-color has-text-color has-link-color wp-elements-c69ef7170822fa16819f2b1e4ba37cc9\">\n<li>az angol nyelvismeret mellett minimum tov\u00e1bbi egy nyelvb\u0151l rendelkezel fels\u0151fok\u00fa tud\u00e1ssal<\/li>\n\n\n\n<li>min\u0151s\u00e9gi, \u00f6n\u00e1ll\u00f3 munkav\u00e9gz\u00e9s \u00e9s terhelhet\u0151s\u00e9g jellemez<\/li>\n\n\n\n<li>\u00e9rdekelnek a t\u00e1rsadalmi \u00e9s gazdas\u00e1gi folyamatok<\/li>\n\n\n\n<li>alapos \u00e9s prec\u00edz vagy<\/li>\n<\/ul>\n\n\n\n<p class=\"has-contrast-2-color has-text-color has-link-color wp-elements-57b1df95cd4c64a67f465e0096106089\"><strong>El\u0151nyt jelent:<\/strong><\/p>\n\n\n\n<ul class=\"wp-block-list has-contrast-2-color has-text-color has-link-color wp-elements-1bf3aa51a386a3c607b5c5e9fcda7694\">\n<li>t\u00f6bb fels\u0151fok\u00fa nyelvvizsga megl\u00e9te<\/li>\n\n\n\n<li>ritka nyelvek ismerete<\/li>\n\n\n\n<li>felhaszn\u00e1l\u00f3i szint\u0171 informatikai ismeret<\/li>\n\n\n\n<li>logikus gondolkod\u00e1s, analitikai k\u00e9szs\u00e9g<\/li>\n<\/ul>\n\n\n\n<p class=\"has-contrast-2-color has-text-color has-link-color wp-elements-fba349e5b92bdc653c3f6f976438de44\"><br>Amennyiben felkeltett\u00fck \u00e9rdekl\u0151d\u00e9sedet, regisztr\u00e1lj karrieroldalunkon, \u00e9s k\u00fcldd el magyar nyelv\u0171, f\u00e9nyk\u00e9pes \u00f6n\u00e9letrajzodat.<\/p>\n\n \r\n\t\t\t\r\n\t\t<\/div>\r\n\t\n\n\r\n\t\t<div  class=\"block-3ddac229-4e95-4286-b6f3-483e75a6d957 col areoi-element  gomb-kozepre\">\r\n\t\t\t\r\n\t\t\t\n\r\n\t\t\t\t\r\n\t\t<a \r\n\t\t\t\r\n\t\t\tclass=\"block-cabff3a3-4e09-4470-94a8-c2e037a1c184 btn areoi-has-url position-relative bg-sarga jelentkezes-gomb nyp-gomb btn-primary\"\r\n\t href=\"https:\/\/karrier.ih.gov.hu\/index.php\/jelentkezes\/\" title=\"Nyelvi feldolgoz\u00f3\" >\r\n\t\t\t\t\t\r\n\t\t\t\t\tJELENTKEZEM \r\n\t\t\t\t\t\r\n\t\t\t\t\t \r\n\t\t\t\t<\/a>\r\n\t\t\t\n \r\n\t\t\t\r\n\t\t<\/div>\r\n\t\n\n\n<div class=\"wp-block-group is-content-justification-center is-nowrap is-layout-flex wp-container-core-group-is-layout-23441af8 wp-block-group-is-layout-flex\">\r\n\t\t\t\t\r\n\t\t<a \r\n\t\t\tid=\"nyitott-poziciok-nyelvi-feldolgozo\"\r\n\t\t\tclass=\"block-ae1688db-7448-49e3-afa0-20dfa481607e btn areoi-has-url position-relative megosztas fb bg-sarga btn-primary\"\r\n\t href=\"#\" >\r\n\t\t\t\t\t\r\n\t\t\t\t\t   \r\n\t\t\t\t\t\r\n\t\t\t\t\t \r\n\t\t\t\t<\/a>\r\n\t\t\t<\/div>\n","protected":false},"excerpt":{"rendered":"<p>Nyelvi feldolgoz\u00f3<\/p>\n","protected":false},"author":1,"featured_media":0,"parent":0,"menu_order":0,"comment_status":"closed","ping_status":"closed","template":"","meta":{"footnotes":""},"class_list":["post-1409","page","type-page","status-publish","hentry"],"_links":{"self":[{"href":"https:\/\/karrier.ih.gov.hu\/index.php\/wp-json\/wp\/v2\/pages\/1409","targetHints":{"allow":["GET"]}}],"collection":[{"href":"https:\/\/karrier.ih.gov.hu\/index.php\/wp-json\/wp\/v2\/pages"}],"about":[{"href":"https:\/\/karrier.ih.gov.hu\/index.php\/wp-json\/wp\/v2\/types\/page"}],"author":[{"embeddable":true,"href":"https:\/\/karrier.ih.gov.hu\/index.php\/wp-json\/wp\/v2\/users\/1"}],"replies":[{"embeddable":true,"href":"https:\/\/karrier.ih.gov.hu\/index.php\/wp-json\/wp\/v2\/comments?post=1409"}],"version-history":[{"count":3,"href":"https:\/\/karrier.ih.gov.hu\/index.php\/wp-json\/wp\/v2\/pages\/1409\/revisions"}],"predecessor-version":[{"id":1536,"href":"https:\/\/karrier.ih.gov.hu\/index.php\/wp-json\/wp\/v2\/pages\/1409\/revisions\/1536"}],"wp:attachment":[{"href":"https:\/\/karrier.ih.gov.hu\/index.php\/wp-json\/wp\/v2\/media?parent=1409"}],"curies":[{"name":"wp","href":"https:\/\/api.w.org\/{rel}","templated":true}]}}