{"id":1418,"date":"2025-11-05T15:08:24","date_gmt":"2025-11-05T13:08:24","guid":{"rendered":"https:\/\/karrier.ih.gov.hu\/?page_id=1418"},"modified":"2025-11-17T14:01:25","modified_gmt":"2025-11-17T12:01:25","slug":"nyitott-poziciok-biztonsagtechnikai-mernok","status":"publish","type":"page","link":"https:\/\/karrier.ih.gov.hu\/index.php\/nyitott-poziciok-biztonsagtechnikai-mernok\/","title":{"rendered":"Biztons\u00e1gtechnikai m\u00e9rn\u00f6k"},"content":{"rendered":"\n<h2 class=\"wp-block-heading has-text-align-center bold oldalcim\">Biztons\u00e1gtechnikai m\u00e9rn\u00f6k<\/h2>\n\n\n\r\n\t\t<div  class=\"block-c1c62e70-454b-48bc-b7f0-e93fe87a465f col areoi-element tartalom-oszlop\">\r\n\t\t\t\r\n\t\t\t\n\n<p class=\"has-contrast-2-color has-text-color has-link-color wp-elements-199712ecef3fa2efd1b6cb5386e0dde2\">Szeretn\u00e9l egy igaz\u00e1n k\u00fcl\u00f6nleges hivat\u00e1st, ahol szak\u00e9rtelmedet a nemzetbiztons\u00e1g szolg\u00e1lat\u00e1ban kamatoztathatod? Sz\u00edvesen r\u00e9szt venn\u00e9l egyedi biztons\u00e1gtechnikai megold\u00e1sok fejleszt\u00e9s\u00e9ben?<br>Sz\u00edvesen utazol?<br>Ak\u00e1r p\u00e1lyakezd\u0151, ak\u00e1r tapasztalt szakember vagy \u2013 v\u00e1rjuk a jelentkez\u00e9sedet!<\/p>\n\n\n\n<p class=\"has-contrast-2-color has-text-color has-link-color wp-elements-184a2406bddbedd87efa8815e689b015\"><strong>Milyen feladatokban sz\u00e1m\u00edtunk r\u00e1d?<\/strong><\/p>\n\n\n\n<ul class=\"wp-block-list\">\n<li>komplex biztons\u00e1gtechnikai v\u00e9delmi koncepci\u00f3k (fizikai biztons\u00e1g) kidolgoz\u00e1s\u00e1ban, a k\u00f6vetelm\u00e9nyek meghat\u00e1roz\u00e1s\u00e1ban<\/li>\n\n\n\n<li>objektum- \u00e9s inform\u00e1ci\u00f3v\u00e9delmi rendszerek tervez\u00e9s\u00e9ben \u00e9s telep\u00edt\u00e9s\u00e9ben, bel- \u00e9s k\u00fclf\u00f6ld\u00f6n egyar\u00e1nt<\/li>\n\n\n\n<li>a m\u00e9rn\u00f6ki, tervez\u0151i feladatok mellett a helysz\u00edni telep\u00edt\u00e9si feladatokban<\/li>\n\n\n\n<li>biztons\u00e1gtechnikai rendszerek \u00fczemeltet\u00e9si, karbantart\u00e1si, hibaelh\u00e1r\u00edt\u00e1si feladatainak ell\u00e1t\u00e1s\u00e1ban<\/li>\n\n\n\n<li>egyedi biztons\u00e1gtechnikai megold\u00e1sok fejleszt\u00e9s\u00e9ben, az elektronikai \u00e9s mechanikai fejleszt\u00e9si munk\u00e1ban<\/li>\n\n\n\n<li>inform\u00e1ci\u00f3v\u00e9delmi (min\u0151s\u00edtett adatv\u00e9delmi) rendszerek tervez\u00e9s\u00e9ben \u00e9s telep\u00edt\u00e9s\u00e9ben hazai \u00e9s k\u00fclf\u00f6ldi objektumokban egyar\u00e1nt<\/li>\n<\/ul>\n\n\n\n<p class=\"has-contrast-2-color has-text-color has-link-color wp-elements-adbb496cddc9f70ddaa765029adde866\"><strong>T\u00e9ged keres\u00fcnk, ha:<\/strong><\/p>\n\n\n\n<ul class=\"wp-block-list\">\n<li>biztons\u00e1gtechnikai m\u00e9rn\u00f6ki \/ villamosm\u00e9rn\u00f6ki \/ mechatronikai m\u00e9rn\u00f6ki \/ m\u0171szaki informatikus v\u00e9gzetts\u00e9ggel rendelkezel<\/li>\n\n\n\n<li>j\u00e1rtass\u00e1got szerezt\u00e9l biztons\u00e1gtechnikai rendszerek \u00fczemeltet\u00e9se ter\u00e9n (kamerarendszerek, behatol\u00e1sjelz\u0151k, bel\u00e9ptet\u0151k)<\/li>\n\n\n\n<li>rendelkezel IP technol\u00f3giai ismeretekkel<\/li>\n\n\n\n<li>rendszerszeml\u00e9let, analitikus gondolkod\u00e1sm\u00f3d, kreativit\u00e1s, valamint<\/li>\n\n\n\n<li>\u00f6n\u00e1ll\u00f3s\u00e1g, rugalmass\u00e1g \u00e9s alkalmazkod\u00f3k\u00e9pess\u00e9g jellemez<\/li>\n\n\n\n<li>legal\u00e1bb egy idegen nyelvet k\u00f6z\u00e9pfokon elsaj\u00e1t\u00edtott\u00e1l<\/li>\n<\/ul>\n\n\n\n<p class=\"has-contrast-2-color has-text-color has-link-color wp-elements-57b1df95cd4c64a67f465e0096106089\"><strong>El\u0151nyt jelent:<\/strong><\/p>\n\n\n\n<ul class=\"wp-block-list\">\n<li>biztons\u00e1gtechnikai rendszerek tervez\u00e9sben, telep\u00edt\u00e9s\u00e9ben szerzett gyakorlat<\/li>\n\n\n\n<li>elektronikai \u00e1ramk\u00f6r fejleszt\u00e9si ismeretek<\/li>\n\n\n\n<li>szoftverfejleszt\u00e9si gyakorlat<\/li>\n<\/ul>\n\n\n\n<p class=\"has-contrast-2-color has-text-color has-link-color wp-elements-91c784b7a7b1ed8dba2b4bb3016ceec6\">Amennyiben felkeltett\u00fck \u00e9rdekl\u0151d\u00e9sedet, regisztr\u00e1lj karrieroldalunkon, \u00e9s k\u00fcldd el magyar nyelv\u0171, f\u00e9nyk\u00e9pes \u00f6n\u00e9letrajzodat.<\/p>\n\n\n\n<p><\/p>\n\n\n\n<p class=\"has-contrast-2-color has-text-color has-link-color wp-elements-5d729671b34fb813eff06bd4dc38d6f6\"><\/p>\n\n \r\n\t\t\t\r\n\t\t<\/div>\r\n\t\n\n\r\n\t\t<div  class=\"block-0454174f-7333-4e38-940c-e86f46a6027b col areoi-element  gomb-kozepre\">\r\n\t\t\t\r\n\t\t\t\n\r\n\t\t\t\t\r\n\t\t<a \r\n\t\t\t\r\n\t\t\tclass=\"block-cabff3a3-4e09-4470-94a8-c2e037a1c184 btn areoi-has-url position-relative bg-sarga jelentkezes-gomb nyp-gomb btn-primary\"\r\n\t href=\"https:\/\/karrier.ih.gov.hu\/index.php\/jelentkezes\/\" title=\"Biztons\u00e1gtechnikai m\u00e9rn\u00f6k\" >\r\n\t\t\t\t\t\r\n\t\t\t\t\tJELENTKEZEM \r\n\t\t\t\t\t\r\n\t\t\t\t\t \r\n\t\t\t\t<\/a>\r\n\t\t\t\n \r\n\t\t\t\r\n\t\t<\/div>\r\n\t\n\n\n<div class=\"wp-block-group is-content-justification-center is-nowrap is-layout-flex wp-container-core-group-is-layout-23441af8 wp-block-group-is-layout-flex\">\r\n\t\t\t\t\r\n\t\t<a \r\n\t\t\tid=\"nyitott-poziciok-biztonsagtechnikai-mernok\"\r\n\t\t\tclass=\"block-ae1688db-7448-49e3-afa0-20dfa481607e btn areoi-has-url position-relative megosztas fb bg-sarga btn-primary\"\r\n\t href=\"#\" >\r\n\t\t\t\t\t\r\n\t\t\t\t\t   \r\n\t\t\t\t\t\r\n\t\t\t\t\t \r\n\t\t\t\t<\/a>\r\n\t\t\t<\/div>\n","protected":false},"excerpt":{"rendered":"<p>Biztons\u00e1gtechnikai m\u00e9rn\u00f6k<\/p>\n","protected":false},"author":1,"featured_media":0,"parent":0,"menu_order":0,"comment_status":"closed","ping_status":"closed","template":"","meta":{"footnotes":""},"class_list":["post-1418","page","type-page","status-publish","hentry"],"_links":{"self":[{"href":"https:\/\/karrier.ih.gov.hu\/index.php\/wp-json\/wp\/v2\/pages\/1418","targetHints":{"allow":["GET"]}}],"collection":[{"href":"https:\/\/karrier.ih.gov.hu\/index.php\/wp-json\/wp\/v2\/pages"}],"about":[{"href":"https:\/\/karrier.ih.gov.hu\/index.php\/wp-json\/wp\/v2\/types\/page"}],"author":[{"embeddable":true,"href":"https:\/\/karrier.ih.gov.hu\/index.php\/wp-json\/wp\/v2\/users\/1"}],"replies":[{"embeddable":true,"href":"https:\/\/karrier.ih.gov.hu\/index.php\/wp-json\/wp\/v2\/comments?post=1418"}],"version-history":[{"count":2,"href":"https:\/\/karrier.ih.gov.hu\/index.php\/wp-json\/wp\/v2\/pages\/1418\/revisions"}],"predecessor-version":[{"id":1420,"href":"https:\/\/karrier.ih.gov.hu\/index.php\/wp-json\/wp\/v2\/pages\/1418\/revisions\/1420"}],"wp:attachment":[{"href":"https:\/\/karrier.ih.gov.hu\/index.php\/wp-json\/wp\/v2\/media?parent=1418"}],"curies":[{"name":"wp","href":"https:\/\/api.w.org\/{rel}","templated":true}]}}