{"id":1422,"date":"2025-11-05T15:14:39","date_gmt":"2025-11-05T13:14:39","guid":{"rendered":"https:\/\/karrier.ih.gov.hu\/?page_id=1422"},"modified":"2025-11-17T14:01:37","modified_gmt":"2025-11-17T12:01:37","slug":"nyitott-poziciok-epuletgepesz-mernok-letesitmenyuzemeltetesi-mernok","status":"publish","type":"page","link":"https:\/\/karrier.ih.gov.hu\/index.php\/nyitott-poziciok-epuletgepesz-mernok-letesitmenyuzemeltetesi-mernok\/","title":{"rendered":"\u00c9p\u00fcletg\u00e9p\u00e9sz m\u00e9rn\u00f6k\/l\u00e9tes\u00edtm\u00e9ny\u00fczemeltet\u00e9si m\u00e9rn\u00f6k"},"content":{"rendered":"\n<h2 class=\"wp-block-heading has-text-align-center bold oldalcim\"><strong>\u00c9p\u00fcletg\u00e9p\u00e9sz m\u00e9rn\u00f6k\/l\u00e9tes\u00edtm\u00e9ny\u00fczemeltet\u00e9si m\u00e9rn\u00f6k<\/strong><\/h2>\n\n\n\r\n\t\t<div  class=\"block-1fe936ef-474b-4579-9a16-3390f5c135e4 col areoi-element tartalom-oszlop\">\r\n\t\t\t\r\n\t\t\t\n\n<p class=\"has-contrast-2-color has-text-color has-link-color wp-elements-33f700b27844d16ce2c618935e0888c3\">Hossz\u00fat\u00e1v\u00fa, megb\u00edzhat\u00f3 munkalehet\u0151s\u00e9get k\u00edn\u00e1lunk \u00e9p\u00fcletg\u00e9p\u00e9sz vagy l\u00e9tes\u00edtm\u00e9ny\u00fczemeltet\u00e9si m\u00e9rn\u00f6ki v\u00e9gzetts\u00e9ggel rendelkez\u0151 szakember sz\u00e1m\u00e1ra, aki sz\u00edvesen dolgozna komplex l\u00e9tes\u00edtm\u00e9nyeket \u00fczemeltet\u0151 m\u0171szaki \u00fczemeltet\u00e9si\/fenntart\u00e1si szakter\u00fcleten.<\/p>\n\n\n\n<p class=\"has-contrast-2-color has-text-color has-link-color wp-elements-184a2406bddbedd87efa8815e689b015\"><strong>Milyen feladatokban sz\u00e1m\u00edtunk r\u00e1d?<\/strong><\/p>\n\n\n\n<ul class=\"wp-block-list\">\n<li>\u00e9p\u00fclettechnikai rendszerek \u00fczemeltet\u00e9s\u00e9ben, szolg\u00e1ltat\u00f3 \u00e1ltal v\u00e9gzett karbantart\u00e1sok tervez\u00e9s\u00e9ben \u00e9s ellen\u0151rz\u00e9s\u00e9ben (p\u00e9ld\u00e1ul komfort\/technol\u00f3giai f\u0171t\u00e9s, h\u0171t\u00e9s, l\u00e9gkezel\u00e9s, szell\u0151z\u00e9s, v\u00edzell\u00e1t\u00e1s, csatorn\u00e1z\u00e1s)<\/li>\n\n\n\n<li>karbantart\u00e1si, tervszer\u0171 megel\u0151z\u0151 jav\u00edt\u00e1si \u00fctemtervek k\u00e9sz\u00edt\u00e9s\u00e9ben, a feladatok v\u00e9grehajt\u00e1s\u00e1nak koordin\u00e1l\u00e1s\u00e1ban<\/li>\n\n\n\n<li>hibaelh\u00e1r\u00edt\u00e1sok megszervez\u00e9s\u00e9ben, m\u0171szaki t\u00e1mogat\u00e1s\u00e1ban<\/li>\n\n\n\n<li>szerz\u0151d\u00e9sk\u00f6t\u00e9shez sz\u00fcks\u00e9ges m\u0171szaki le\u00edr\u00e1sok elk\u00e9sz\u00edt\u00e9s\u00e9ben (fel\u00faj\u00edt\u00e1sok, karbantart\u00e1sok v\u00e9grehajt\u00e1s\u00e1hoz folytatott beszerz\u00e9si elj\u00e1r\u00e1sok sor\u00e1n)<\/li>\n\n\n\n<li>energetikai adatgy\u0171jt\u00e9sben, nyomon k\u00f6vet\u00e9sben, energiahat\u00e9konys\u00e1gi optimaliz\u00e1l\u00e1si javaslatok megfogalmaz\u00e1s\u00e1ban<\/li>\n\n\n\n<li>szolg\u00e1ltat\u00e1s keret\u00e9ben ig\u00e9nybe vett v\u00e1llalkoz\u00e1sok tev\u00e9kenys\u00e9g\u00e9nek m\u0171szaki ir\u00e1ny\u00edt\u00e1s\u00e1ban, ellen\u0151rz\u00e9s\u00e9ben, teljes\u00edt\u00e9sek szakmai igazol\u00e1s\u00e1ban<\/li>\n\n\n\n<li>m\u0171szaki dokument\u00e1ci\u00f3k kezel\u00e9s\u00e9ben, naprak\u00e9szen tart\u00e1s\u00e1ban<\/li>\n\n\n\n<li>hat\u00f3s\u00e1gi ellen\u0151rz\u00e9sek dokument\u00e1l\u00e1s\u00e1ban<\/li>\n<\/ul>\n\n\n\n<p class=\"has-contrast-2-color has-text-color has-link-color wp-elements-adbb496cddc9f70ddaa765029adde866\"><strong>T\u00e9ged keres\u00fcnk, ha:<\/strong><\/p>\n\n\n\n<ul class=\"wp-block-list\">\n<li>fels\u0151fok\u00fa \u00e9p\u00fcletg\u00e9p\u00e9sz\/l\u00e9tes\u00edtm\u00e9ny\u00fczemeltet\u00e9si m\u00e9rn\u00f6ki v\u00e9gzetts\u00e9get szerezt\u00e9l (BSc vagy MSc)<\/li>\n\n\n\n<li>legal\u00e1bb 2-3 \u00e9v tapasztalattal rendelkezel l\u00e9tes\u00edtm\u00e9ny\u00fczemeltet\u00e9si, \u00e9p\u00fcletkarbantart\u00e1si szakter\u00fcleten<\/li>\n\n\n\n<li>k\u00e9szs\u00e9g szinten tudod haszn\u00e1lni, \u00e9rtelmezni a m\u0171szaki rajzokat, tervdokument\u00e1ci\u00f3kat<\/li>\n\n\n\n<li>felhaszn\u00e1l\u00f3i szint\u0171 sz\u00e1m\u00edt\u00f3g\u00e9pes ismeretek birtok\u00e1ban vagy (p\u00e9ld\u00e1ul: MS Office, m\u0171szaki adatnyilv\u00e1ntart\u00f3 rendszerek, FM szoftverek, CAD programok)<\/li>\n\n\n\n<li>j\u00f3 szervez\u0151- \u00e9s probl\u00e9mamegold\u00f3 k\u00e9pess\u00e9ggel rendelkezel<\/li>\n\n\n\n<li>prec\u00edz, \u00f6n\u00e1ll\u00f3 munkav\u00e9gz\u00e9s \u00e9s csapatmunk\u00e1ra val\u00f3 hajland\u00f3s\u00e1g jellemez<\/li>\n<\/ul>\n\n\n\n<p class=\"has-contrast-2-color has-text-color has-link-color wp-elements-57b1df95cd4c64a67f465e0096106089\"><strong>El\u0151nyt jelent:<\/strong><\/p>\n\n\n\n<ul class=\"wp-block-list\">\n<li>BMS (\u00e9p\u00fcletfel\u00fcgyeleti rendszerek) ismerete<\/li>\n\n\n\n<li>g\u00e9p\u00e9szeti rendszerek fel\u00fclvizsg\u00e1lat\u00e1ban vagy kivitelez\u00e9s\u00e9ben szerzett gyakorlat<\/li>\n\n\n\n<li>energetikai tan\u00fas\u00edtv\u00e1ny k\u00e9sz\u00edt\u00e9s\u00e9ben szerzett tapasztalat<\/li>\n\n\n\n<li>B kateg\u00f3ri\u00e1s jogos\u00edtv\u00e1ny<\/li>\n\n\n\n<li>Angol vagy n\u00e9met nyelvtud\u00e1s (m\u0171szaki dokument\u00e1ci\u00f3 olvas\u00e1sa szintj\u00e9n)<\/li>\n<\/ul>\n\n\n\n<p class=\"has-contrast-2-color has-text-color has-link-color wp-elements-91c784b7a7b1ed8dba2b4bb3016ceec6\">Amennyiben felkeltett\u00fck \u00e9rdekl\u0151d\u00e9sedet, regisztr\u00e1lj karrieroldalunkon, \u00e9s k\u00fcldd el magyar nyelv\u0171, f\u00e9nyk\u00e9pes \u00f6n\u00e9letrajzodat.<\/p>\n\n \r\n\t\t\t\r\n\t\t<\/div>\r\n\t\n\n\r\n\t\t<div  class=\"block-0454174f-7333-4e38-940c-e86f46a6027b col areoi-element  gomb-kozepre\">\r\n\t\t\t\r\n\t\t\t\n\r\n\t\t\t\t\r\n\t\t<a \r\n\t\t\t\r\n\t\t\tclass=\"block-cabff3a3-4e09-4470-94a8-c2e037a1c184 btn areoi-has-url position-relative bg-sarga jelentkezes-gomb nyp-gomb btn-primary\"\r\n\t href=\"https:\/\/karrier.ih.gov.hu\/index.php\/jelentkezes\/\" title=\"\u00c9p\u00fcletg\u00e9p\u00e9sz m\u00e9rn\u00f6k \/ l\u00e9tes\u00edtm\u00e9ny\u00fczemeltet\u00e9si m\u00e9rn\u00f6k\" >\r\n\t\t\t\t\t\r\n\t\t\t\t\tJELENTKEZEM \r\n\t\t\t\t\t\r\n\t\t\t\t\t \r\n\t\t\t\t<\/a>\r\n\t\t\t\n \r\n\t\t\t\r\n\t\t<\/div>\r\n\t\n\n\n<div class=\"wp-block-group is-content-justification-center is-nowrap is-layout-flex wp-container-core-group-is-layout-23441af8 wp-block-group-is-layout-flex\">\r\n\t\t\t\t\r\n\t\t<a \r\n\t\t\tid=\"nyitott-poziciok-epuletgepesz-mernok-letesitmenyuzemeltetesi-mernok\"\r\n\t\t\tclass=\"block-ae1688db-7448-49e3-afa0-20dfa481607e btn areoi-has-url position-relative megosztas fb bg-sarga btn-primary\"\r\n\t href=\"#\" >\r\n\t\t\t\t\t\r\n\t\t\t\t\t   \r\n\t\t\t\t\t\r\n\t\t\t\t\t \r\n\t\t\t\t<\/a>\r\n\t\t\t<\/div>\n","protected":false},"excerpt":{"rendered":"<p>\u00c9p\u00fcletg\u00e9p\u00e9sz m\u00e9rn\u00f6k\/l\u00e9tes\u00edtm\u00e9ny\u00fczemeltet\u00e9si m\u00e9rn\u00f6k<\/p>\n","protected":false},"author":1,"featured_media":0,"parent":0,"menu_order":0,"comment_status":"closed","ping_status":"closed","template":"","meta":{"footnotes":""},"class_list":["post-1422","page","type-page","status-publish","hentry"],"_links":{"self":[{"href":"https:\/\/karrier.ih.gov.hu\/index.php\/wp-json\/wp\/v2\/pages\/1422","targetHints":{"allow":["GET"]}}],"collection":[{"href":"https:\/\/karrier.ih.gov.hu\/index.php\/wp-json\/wp\/v2\/pages"}],"about":[{"href":"https:\/\/karrier.ih.gov.hu\/index.php\/wp-json\/wp\/v2\/types\/page"}],"author":[{"embeddable":true,"href":"https:\/\/karrier.ih.gov.hu\/index.php\/wp-json\/wp\/v2\/users\/1"}],"replies":[{"embeddable":true,"href":"https:\/\/karrier.ih.gov.hu\/index.php\/wp-json\/wp\/v2\/comments?post=1422"}],"version-history":[{"count":3,"href":"https:\/\/karrier.ih.gov.hu\/index.php\/wp-json\/wp\/v2\/pages\/1422\/revisions"}],"predecessor-version":[{"id":1425,"href":"https:\/\/karrier.ih.gov.hu\/index.php\/wp-json\/wp\/v2\/pages\/1422\/revisions\/1425"}],"wp:attachment":[{"href":"https:\/\/karrier.ih.gov.hu\/index.php\/wp-json\/wp\/v2\/media?parent=1422"}],"curies":[{"name":"wp","href":"https:\/\/api.w.org\/{rel}","templated":true}]}}