{"id":1458,"date":"2025-11-06T11:33:10","date_gmt":"2025-11-06T09:33:10","guid":{"rendered":"https:\/\/karrier.ih.gov.hu\/?page_id=1458"},"modified":"2025-12-16T14:40:05","modified_gmt":"2025-12-16T12:40:05","slug":"nyitott-poziciok-konyhai-kisegito-fekete-mosogato-munkavallalo","status":"publish","type":"page","link":"https:\/\/karrier.ih.gov.hu\/index.php\/nyitott-poziciok-konyhai-kisegito-fekete-mosogato-munkavallalo\/","title":{"rendered":"Konyhai kiseg\u00edt\u0151\/fekete mosogat\u00f3 (munkav\u00e1llal\u00f3)"},"content":{"rendered":"\n<h2 class=\"wp-block-heading has-text-align-center bold oldalcim\">Konyhai kiseg\u00edt\u0151\/fekete mosogat\u00f3 (munkav\u00e1llal\u00f3)<\/h2>\n\n\n\r\n\t\t<div  class=\"block-6ca662f1-2387-4db5-8979-7e74b6de435f col areoi-element tartalom-oszlop\">\r\n\t\t\t\r\n\t\t\t\n\n<p class=\"has-contrast-2-color has-text-color has-link-color wp-elements-1af4475abc6d9638c3c35d86ef39a9ad\">Olyan hossz\u00fat\u00e1v\u00fa, stabil munkahelyet k\u00edn\u00e1lunk, ahol sem h\u00e9tv\u00e9gi munkav\u00e9gz\u00e9ssel, sem t\u00fal\u00f3r\u00e1val nem kell sz\u00e1molnod. A havi brutt\u00f3 570.000,- Ft munkab\u00e9r mellett tov\u00e1bbi juttat\u00e1sokat is biztos\u00edtunk: cafeteri\u00e1t, ruh\u00e1zati \u00e9s utaz\u00e1si k\u00f6lts\u00e9gt\u00e9r\u00edt\u00e9st, valamint a 3 h\u00f3napos pr\u00f3baid\u0151 lej\u00e1rta ut\u00e1n munkaruh\u00e1t.<\/p>\n\n\n\n<p class=\"has-contrast-2-color has-text-color has-link-color wp-elements-184a2406bddbedd87efa8815e689b015\"><strong>Milyen feladatokban sz\u00e1m\u00edtunk r\u00e1d?<\/strong><\/p>\n\n\n\n<ul class=\"wp-block-list\">\n<li>az \u00e9telek (h\u00fas-, z\u00f6lds\u00e9g) el\u0151k\u00e9sz\u00edt\u00e9s\u00e9ben<\/li>\n\n\n\n<li>a szak\u00e1csok munk\u00e1j\u00e1nak k\u00f6zvetlen t\u00e1mogat\u00e1s\u00e1ban<\/li>\n\n\n\n<li>a konyhai ter\u00fclet takar\u00edt\u00e1s\u00e1ban, a konyhatechnol\u00f3giai berendez\u00e9sek tiszt\u00edt\u00e1s\u00e1ban<\/li>\n<\/ul>\n\n\n\n<p class=\"has-contrast-2-color has-text-color has-link-color wp-elements-9b6d8c8a1361b6d7440e9e2581133692\"><strong>konyhai kiseg\u00edt\u0151<\/strong> munkak\u00f6rn\u00e9l tov\u00e1bb\u00e1 a feh\u00e9rmosogat\u00f3ban t\u00f6rt\u00e9n\u0151 munkav\u00e9gz\u00e9sben<\/p>\n\n\n\n<p class=\"has-contrast-2-color has-text-color has-link-color wp-elements-2ffe3a5166125ee6ecaaac6ff75f4358\" style=\"margin-bottom:var(--wp--preset--spacing--40)\"><strong>feketemosogat\u00f3 <\/strong>eset\u00e9ben konyhai ed\u00e9nyek, eszk\u00f6z\u00f6k, l\u00e1basok, fazekak mosogat\u00e1s\u00e1ban<\/p>\n\n\n\n<p class=\"has-contrast-2-color has-text-color has-link-color wp-elements-adbb496cddc9f70ddaa765029adde866\"><strong>T\u00e9ged keres\u00fcnk, ha:<\/strong><\/p>\n\n\n\n<ul class=\"wp-block-list\">\n<li>szorgalmas vagy<\/li>\n\n\n\n<li>tudsz csapatban dolgozni<\/li>\n\n\n\n<li>\u00e1polt, rendezett a megjelen\u00e9sed<\/li>\n<\/ul>\n\n\n\n<p class=\"has-contrast-2-color has-text-color has-link-color wp-elements-57b1df95cd4c64a67f465e0096106089\"><strong>El\u0151nyt jelent:<\/strong><\/p>\n\n\n\n<ul class=\"wp-block-list\">\n<li>ha t\u00f6bb mint 5 \u00e9v tapasztalatot szerezt\u00e9l munkahelyi \u00e9tkeztet\u00e9sben vagy sz\u00e1llodai konyh\u00e1n konyhai kiseg\u00edt\u0151i\/feketemosogat\u00f3i munkak\u00f6rben<\/li>\n<\/ul>\n\n\n\n<p class=\"has-contrast-2-color has-text-color has-link-color wp-elements-91c784b7a7b1ed8dba2b4bb3016ceec6\">Amennyiben felkeltett\u00fck \u00e9rdekl\u0151d\u00e9sedet, regisztr\u00e1lj karrieroldalunkon, \u00e9s k\u00fcldd el magyar nyelv\u0171, f\u00e9nyk\u00e9pes \u00f6n\u00e9letrajzodat.<\/p>\n\n \r\n\t\t\t\r\n\t\t<\/div>\r\n\t\n\n\r\n\t\t<div  class=\"block-0454174f-7333-4e38-940c-e86f46a6027b col areoi-element  gomb-kozepre\">\r\n\t\t\t\r\n\t\t\t\n\r\n\t\t\t\t\r\n\t\t<a \r\n\t\t\t\r\n\t\t\tclass=\"block-cabff3a3-4e09-4470-94a8-c2e037a1c184 btn areoi-has-url position-relative bg-sarga jelentkezes-gomb nyp-gomb btn-primary\"\r\n\t href=\"https:\/\/karrier.ih.gov.hu\/index.php\/jelentkezes\/\" title=\"Konyhai kiseg\u00edt\u0151 \/ fekete mosogat\u00f3 (munkav\u00e1llal\u00f3)\" >\r\n\t\t\t\t\t\r\n\t\t\t\t\tJELENTKEZEM \r\n\t\t\t\t\t\r\n\t\t\t\t\t \r\n\t\t\t\t<\/a>\r\n\t\t\t\n \r\n\t\t\t\r\n\t\t<\/div>\r\n\t\n\n\n<div class=\"wp-block-group is-content-justification-center is-nowrap is-layout-flex wp-container-core-group-is-layout-23441af8 wp-block-group-is-layout-flex\">\r\n\t\t\t\t\r\n\t\t<a \r\n\t\t\tid=\"nyitott-poziciok-konyhai-kisegito-fekete-mosogato-munkavallalo\"\r\n\t\t\tclass=\"block-ae1688db-7448-49e3-afa0-20dfa481607e btn areoi-has-url position-relative megosztas fb bg-sarga btn-primary\"\r\n\t href=\"#\" >\r\n\t\t\t\t\t\r\n\t\t\t\t\t   \r\n\t\t\t\t\t\r\n\t\t\t\t\t \r\n\t\t\t\t<\/a>\r\n\t\t\t<\/div>\n","protected":false},"excerpt":{"rendered":"<p>Konyhai kiseg\u00edt\u0151\/fekete mosogat\u00f3 (munkav\u00e1llal\u00f3)<\/p>\n","protected":false},"author":1,"featured_media":0,"parent":0,"menu_order":0,"comment_status":"closed","ping_status":"closed","template":"","meta":{"footnotes":""},"class_list":["post-1458","page","type-page","status-publish","hentry"],"_links":{"self":[{"href":"https:\/\/karrier.ih.gov.hu\/index.php\/wp-json\/wp\/v2\/pages\/1458","targetHints":{"allow":["GET"]}}],"collection":[{"href":"https:\/\/karrier.ih.gov.hu\/index.php\/wp-json\/wp\/v2\/pages"}],"about":[{"href":"https:\/\/karrier.ih.gov.hu\/index.php\/wp-json\/wp\/v2\/types\/page"}],"author":[{"embeddable":true,"href":"https:\/\/karrier.ih.gov.hu\/index.php\/wp-json\/wp\/v2\/users\/1"}],"replies":[{"embeddable":true,"href":"https:\/\/karrier.ih.gov.hu\/index.php\/wp-json\/wp\/v2\/comments?post=1458"}],"version-history":[{"count":3,"href":"https:\/\/karrier.ih.gov.hu\/index.php\/wp-json\/wp\/v2\/pages\/1458\/revisions"}],"predecessor-version":[{"id":1489,"href":"https:\/\/karrier.ih.gov.hu\/index.php\/wp-json\/wp\/v2\/pages\/1458\/revisions\/1489"}],"wp:attachment":[{"href":"https:\/\/karrier.ih.gov.hu\/index.php\/wp-json\/wp\/v2\/media?parent=1458"}],"curies":[{"name":"wp","href":"https:\/\/api.w.org\/{rel}","templated":true}]}}