{"id":1467,"date":"2025-11-06T11:53:37","date_gmt":"2025-11-06T09:53:37","guid":{"rendered":"https:\/\/karrier.ih.gov.hu\/?page_id=1467"},"modified":"2025-12-16T14:42:37","modified_gmt":"2025-12-16T12:42:37","slug":"nyitott-poziciok-vizszerelo","status":"publish","type":"page","link":"https:\/\/karrier.ih.gov.hu\/index.php\/nyitott-poziciok-vizszerelo\/","title":{"rendered":"V\u00edzszerel\u0151"},"content":{"rendered":"\n<h2 class=\"wp-block-heading has-text-align-center bold oldalcim\"><strong>V\u00edzszerel\u0151<\/strong><\/h2>\n\n\n\r\n\t\t<div  class=\"block-1fe936ef-474b-4579-9a16-3390f5c135e4 col areoi-element tartalom-oszlop\">\r\n\t\t\t\r\n\t\t\t\n\n<p class=\"has-contrast-2-color has-text-color has-link-color wp-elements-466479d85e5d3249f46ebe6f645a3662\">Olyan hossz\u00fat\u00e1v\u00fa, megb\u00edzhat\u00f3 munkahelyet k\u00edn\u00e1lunk, ahol kisz\u00e1m\u00edthat\u00f3 munkarendre, havi brutt\u00f3 675.000,- Ft munkab\u00e9rre \u00e9s stabil juttat\u00e1si csomagra sz\u00e1m\u00edthatsz.<br>N\u00e1lunk nincs h\u00e9tv\u00e9gi munkav\u00e9gz\u00e9s, \u00e9s t\u00fal\u00f3ra is csak kiv\u00e9teles esetekben fordul el\u0151.<\/p>\n\n\n\n<p class=\"has-contrast-2-color has-text-color has-link-color wp-elements-184a2406bddbedd87efa8815e689b015\"><strong>Milyen feladatokban sz\u00e1m\u00edtunk r\u00e1d?<\/strong><\/p>\n\n\n\n<ul class=\"wp-block-list\">\n<li>\u00e9p\u00fcletek v\u00edzvezet\u00e9k-h\u00e1l\u00f3zat\u00e1nak karbantart\u00e1s\u00e1ban \u00e9s jav\u00edt\u00e1s\u00e1ban, kisebb rendszerek ki\u00e9p\u00edt\u00e9s\u00e9ben; &nbsp;id\u0151szakos karbantart\u00e1si munk\u00e1k elv\u00e9gz\u00e9s\u00e9ben<\/li>\n\n\n\n<li>cs\u0151t\u00f6r\u00e9sek, dugul\u00e1sok szakszer\u0171 elh\u00e1r\u00edt\u00e1s\u00e1ban<\/li>\n\n\n\n<li>szaniterek, v\u00edz\u00f3r\u00e1k, szelepek, csaptelepek, szerelv\u00e9nyek bont\u00e1s\u00e1ban, be\u00e9p\u00edt\u00e9s\u00e9ben \u00e9s cser\u00e9j\u00e9ben<\/li>\n\n\n\n<li>f\u0171t\u00e9si rendszerek v\u00edzoldali szerel\u00e9s\u00e9ben, karbantart\u00e1s\u00e1ban<\/li>\n\n\n\n<li>a r\u00e9szv\u00e9teledre kisebb (\u00f6ner\u0151s) \u00e9p\u00edt\u00e9si kivitelez\u00e9si projektekn\u00e9l, &nbsp;\u00e9s m\u0171szaki rajzok alapj\u00e1n t\u00f6rt\u00e9n\u0151 \u00f6n\u00e1ll\u00f3 munkav\u00e9gz\u00e9sben<\/li>\n<\/ul>\n\n\n\n<p class=\"has-contrast-2-color has-text-color has-link-color wp-elements-adbb496cddc9f70ddaa765029adde866\"><strong>T\u00e9ged keres\u00fcnk, ha:<\/strong><\/p>\n\n\n\n<ul class=\"wp-block-list\">\n<li>v\u00edz-, g\u00e1z-, f\u0171t\u00e9sszerel\u0151 vagy \u00e9p\u00fcletg\u00e9p\u00e9sz v\u00e9gzetts\u00e9get szerezt\u00e9l<\/li>\n\n\n\n<li>rendelkezel legal\u00e1bb 1\u20132 \u00e9v szakmai tapasztalattal<\/li>\n\n\n\n<li>k\u00e9pes vagy \u00f6n\u00e1ll\u00f3an dolgozni \u00e9s m\u0171szaki rajz alapj\u00e1n szerelni<\/li>\n\n\n\n<li>prec\u00edz, megb\u00edzhat\u00f3 \u00e9s probl\u00e9mamegold\u00f3 szeml\u00e9let\u0171 vagy<\/li>\n\n\n\n<li>nem okoz gondot a fizikai munkav\u00e9gz\u00e9s<\/li>\n<\/ul>\n\n\n\n<p class=\"has-contrast-2-color has-text-color has-link-color wp-elements-57b1df95cd4c64a67f465e0096106089\"><strong>El\u0151nyt jelent:<\/strong><\/p>\n\n\n\n<ul class=\"wp-block-list\">\n<li>\u00e9p\u00fcletg\u00e9p\u00e9szeti rendszerek \u00e1tfog\u00f3 ismerete<\/li>\n\n\n\n<li>nyom\u00e1spr\u00f3b\u00e1k \u00e9s t\u00f6m\u00f6rs\u00e9gi vizsg\u00e1latok elv\u00e9gz\u00e9s\u00e9ben szerzett gyakorlat<\/li>\n\n\n\n<li>g\u00e1zszerel\u0151i k\u00e9pes\u00edt\u00e9s<\/li>\n<\/ul>\n\n\n\n<p class=\"has-contrast-2-color has-text-color has-link-color wp-elements-91c784b7a7b1ed8dba2b4bb3016ceec6\">Amennyiben felkeltett\u00fck \u00e9rdekl\u0151d\u00e9sedet, regisztr\u00e1lj karrieroldalunkon, \u00e9s k\u00fcldd el magyar nyelv\u0171, f\u00e9nyk\u00e9pes \u00f6n\u00e9letrajzodat.<\/p>\n\n \r\n\t\t\t\r\n\t\t<\/div>\r\n\t\n\n\r\n\t\t<div  class=\"block-0454174f-7333-4e38-940c-e86f46a6027b col areoi-element  gomb-kozepre\">\r\n\t\t\t\r\n\t\t\t\n\r\n\t\t\t\t\r\n\t\t<a \r\n\t\t\t\r\n\t\t\tclass=\"block-cabff3a3-4e09-4470-94a8-c2e037a1c184 btn areoi-has-url position-relative bg-sarga jelentkezes-gomb nyp-gomb btn-primary\"\r\n\t href=\"https:\/\/karrier.ih.gov.hu\/index.php\/jelentkezes\/\" title=\"V\u00edzszerel\u0151\" >\r\n\t\t\t\t\t\r\n\t\t\t\t\tJELENTKEZEM \r\n\t\t\t\t\t\r\n\t\t\t\t\t \r\n\t\t\t\t<\/a>\r\n\t\t\t\n \r\n\t\t\t\r\n\t\t<\/div>\r\n\t\n\n\n<div class=\"wp-block-group is-content-justification-center is-nowrap is-layout-flex wp-container-core-group-is-layout-23441af8 wp-block-group-is-layout-flex\">\r\n\t\t\t\t\r\n\t\t<a \r\n\t\t\tid=\"nyitott-poziciok-vizszerelo\"\r\n\t\t\tclass=\"block-ae1688db-7448-49e3-afa0-20dfa481607e btn areoi-has-url position-relative megosztas fb bg-sarga btn-primary\"\r\n\t href=\"#\" >\r\n\t\t\t\t\t\r\n\t\t\t\t\t   \r\n\t\t\t\t\t\r\n\t\t\t\t\t \r\n\t\t\t\t<\/a>\r\n\t\t\t<\/div>\n","protected":false},"excerpt":{"rendered":"<p>V\u00edzszerel\u0151<\/p>\n","protected":false},"author":1,"featured_media":0,"parent":0,"menu_order":0,"comment_status":"closed","ping_status":"closed","template":"","meta":{"footnotes":""},"class_list":["post-1467","page","type-page","status-publish","hentry"],"_links":{"self":[{"href":"https:\/\/karrier.ih.gov.hu\/index.php\/wp-json\/wp\/v2\/pages\/1467","targetHints":{"allow":["GET"]}}],"collection":[{"href":"https:\/\/karrier.ih.gov.hu\/index.php\/wp-json\/wp\/v2\/pages"}],"about":[{"href":"https:\/\/karrier.ih.gov.hu\/index.php\/wp-json\/wp\/v2\/types\/page"}],"author":[{"embeddable":true,"href":"https:\/\/karrier.ih.gov.hu\/index.php\/wp-json\/wp\/v2\/users\/1"}],"replies":[{"embeddable":true,"href":"https:\/\/karrier.ih.gov.hu\/index.php\/wp-json\/wp\/v2\/comments?post=1467"}],"version-history":[{"count":2,"href":"https:\/\/karrier.ih.gov.hu\/index.php\/wp-json\/wp\/v2\/pages\/1467\/revisions"}],"predecessor-version":[{"id":1492,"href":"https:\/\/karrier.ih.gov.hu\/index.php\/wp-json\/wp\/v2\/pages\/1467\/revisions\/1492"}],"wp:attachment":[{"href":"https:\/\/karrier.ih.gov.hu\/index.php\/wp-json\/wp\/v2\/media?parent=1467"}],"curies":[{"name":"wp","href":"https:\/\/api.w.org\/{rel}","templated":true}]}}