{"id":1515,"date":"2026-01-09T12:49:36","date_gmt":"2026-01-09T10:49:36","guid":{"rendered":"https:\/\/karrier.ih.gov.hu\/?page_id=1515"},"modified":"2026-01-09T13:53:45","modified_gmt":"2026-01-09T11:53:45","slug":"nyitott-poziciok-microsoft-sql-server-rendszergazda","status":"publish","type":"page","link":"https:\/\/karrier.ih.gov.hu\/index.php\/nyitott-poziciok-microsoft-sql-server-rendszergazda\/","title":{"rendered":"Microsoft sql server rendszergazda"},"content":{"rendered":"\n<h2 class=\"wp-block-heading has-text-align-center bold oldalcim\">Microsoft sql server rendszergazda<\/h2>\n\n\n\r\n\t\t<div  class=\"block-954fb97c-79f2-4479-a0e0-41d51df3aa9c col areoi-element tartalom-oszlop\">\r\n\t\t\t\r\n\t\t\t\n\n<p class=\"has-contrast-2-color has-text-color has-link-color wp-elements-5d729671b34fb813eff06bd4dc38d6f6\"><\/p>\n\n\n\n<p class=\"has-contrast-2-color has-text-color has-link-color wp-elements-184a2406bddbedd87efa8815e689b015\"><strong>Milyen feladatokban sz\u00e1m\u00edtunk r\u00e1d?<\/strong><\/p>\n\n\n\n<ul class=\"wp-block-list has-contrast-2-color has-text-color has-link-color wp-elements-c309b18403231a1ef7fb710e42b793f4\">\n<li>Microsoft SQL Server alap\u00fa adatb\u00e1zisok \u00fczemeltet\u00e9s\u00e9ben, karbantart\u00e1s\u00e1ban \u00e9s teljes\u00edtm\u00e9nyoptimaliz\u00e1l\u00e1s\u00e1ban<\/li>\n\n\n\n<li>adatb\u00e1zis biztons\u00e1gi ment\u00e9sek \u00e9s vissza\u00e1ll\u00edt\u00e1sok menedzsel\u00e9s\u00e9ben<\/li>\n\n\n\n<li>SQL lek\u00e9rdez\u00e9sek, n\u00e9zetek \u00e9s t\u00e1rolt elj\u00e1r\u00e1sok elemz\u00e9s\u00e9ben, finomhangol\u00e1s\u00e1ban<\/li>\n\n\n\n<li>egy\u00fcttm\u0171k\u00f6d\u00e9sben a fejleszt\u0151i \u00e9s rendszergazdai csapatokkal, hibakeres\u00e9s \u00e9s megold\u00e1s c\u00e9lj\u00e1b\u00f3l<\/li>\n<\/ul>\n\n\n\n<p class=\"has-contrast-2-color has-text-color has-link-color wp-elements-adbb496cddc9f70ddaa765029adde866\"><strong>T\u00e9ged keres\u00fcnk, ha:<\/strong><\/p>\n\n\n\n<ul class=\"wp-block-list has-contrast-2-color has-text-color has-link-color wp-elements-385c92013b4e8f09619d100252946591\">\n<li>van legal\u00e1bb k\u00f6z\u00e9pfok\u00fa informatikai v\u00e9gzetts\u00e9ged vagy relev\u00e1ns tapasztalatod<\/li>\n\n\n\n<li>magabiztosan kezeled az SQL Server Management Studio-t \u00e9s a T-SQL nyelvet<\/li>\n\n\n\n<li>prec\u00edz vagy, szereted az \u00e1tl\u00e1that\u00f3 \u00e9s hat\u00e9kony adatb\u00e1zis-strukt\u00far\u00e1kat<\/li>\n\n\n\n<li>van gyakorlatod adatb\u00e1zis jogosults\u00e1gok kezel\u00e9s\u00e9ben \u00e9s incidensek megold\u00e1s\u00e1ban<\/li>\n<\/ul>\n\n\n\n<p class=\"has-contrast-2-color has-text-color has-link-color wp-elements-57b1df95cd4c64a67f465e0096106089\"><strong>El\u0151nyt jelent:<\/strong><\/p>\n\n\n\n<ul class=\"wp-block-list has-contrast-2-color has-text-color has-link-color wp-elements-c04dbbfbe6c5fd62fa736a628d96363c\">\n<li>rendelkezel BSc\/MSc szakir\u00e1ny\u00fa v\u00e9gzetts\u00e9ggel\n<ul class=\"wp-block-list\">\n<li>vagy ilyen jelleg\u0171 tanulm\u00e1nyokat folytatsz (valamilyen informatikai szakon)<\/li>\n<\/ul>\n<\/li>\n\n\n\n<li>m\u0171szaki \u00e9s rendszerszeml\u00e9let<\/li>\n\n\n\n<li>h\u00e1l\u00f3zati ismeretek<\/li>\n\n\n\n<li>virtualiz\u00e1ci\u00f3s technol\u00f3gi\u00e1k ismerete<\/li>\n\n\n\n<li>SQL Server Reporting Services (SSRS) \u00e9s SQL Server Integration Services (SSIS) ismerete<\/li>\n\n\n\n<li>legal\u00e1bb egy idegen nyelvet k\u00f6z\u00e9pfokon elsaj\u00e1t\u00edtott\u00e1l<\/li>\n<\/ul>\n\n\n\n<p class=\"has-contrast-2-color has-text-color has-link-color wp-elements-91c784b7a7b1ed8dba2b4bb3016ceec6\">Amennyiben felkeltett\u00fck \u00e9rdekl\u0151d\u00e9sedet, regisztr\u00e1lj karrieroldalunkon, \u00e9s k\u00fcldd el magyar nyelv\u0171, f\u00e9nyk\u00e9pes \u00f6n\u00e9letrajzodat.<\/p>\n\n \r\n\t\t\t\r\n\t\t<\/div>\r\n\t\n\n\r\n\t\t<div  class=\"block-0454174f-7333-4e38-940c-e86f46a6027b col areoi-element  gomb-kozepre\">\r\n\t\t\t\r\n\t\t\t\n\r\n\t\t\t\t\r\n\t\t<a \r\n\t\t\t\r\n\t\t\tclass=\"block-cabff3a3-4e09-4470-94a8-c2e037a1c184 btn areoi-has-url position-relative bg-sarga jelentkezes-gomb nyp-gomb btn-primary\"\r\n\t href=\"https:\/\/karrier.ih.gov.hu\/index.php\/jelentkezes\/\" title=\"Microsoft sql server rendszergazda\" >\r\n\t\t\t\t\t\r\n\t\t\t\t\tJELENTKEZEM \r\n\t\t\t\t\t\r\n\t\t\t\t\t \r\n\t\t\t\t<\/a>\r\n\t\t\t\n \r\n\t\t\t\r\n\t\t<\/div>\r\n\t\n\n\n<div class=\"wp-block-group is-content-justification-center is-nowrap is-layout-flex wp-container-core-group-is-layout-23441af8 wp-block-group-is-layout-flex\">\r\n\t\t\t\t\r\n\t\t<a \r\n\t\t\tid=\"nyitott-poziciok-microsoft-sql-server-rendszergazda\"\r\n\t\t\tclass=\"block-ae1688db-7448-49e3-afa0-20dfa481607e btn areoi-has-url position-relative megosztas fb bg-sarga btn-primary\"\r\n\t href=\"#\" >\r\n\t\t\t\t\t\r\n\t\t\t\t\t   \r\n\t\t\t\t\t\r\n\t\t\t\t\t \r\n\t\t\t\t<\/a>\r\n\t\t\t<\/div>\n\n\n\n<p><\/p>\n","protected":false},"excerpt":{"rendered":"<p>Microsoft sql server rendszergazda<\/p>\n","protected":false},"author":1,"featured_media":0,"parent":0,"menu_order":0,"comment_status":"closed","ping_status":"closed","template":"","meta":{"footnotes":""},"class_list":["post-1515","page","type-page","status-publish","hentry"],"_links":{"self":[{"href":"https:\/\/karrier.ih.gov.hu\/index.php\/wp-json\/wp\/v2\/pages\/1515","targetHints":{"allow":["GET"]}}],"collection":[{"href":"https:\/\/karrier.ih.gov.hu\/index.php\/wp-json\/wp\/v2\/pages"}],"about":[{"href":"https:\/\/karrier.ih.gov.hu\/index.php\/wp-json\/wp\/v2\/types\/page"}],"author":[{"embeddable":true,"href":"https:\/\/karrier.ih.gov.hu\/index.php\/wp-json\/wp\/v2\/users\/1"}],"replies":[{"embeddable":true,"href":"https:\/\/karrier.ih.gov.hu\/index.php\/wp-json\/wp\/v2\/comments?post=1515"}],"version-history":[{"count":5,"href":"https:\/\/karrier.ih.gov.hu\/index.php\/wp-json\/wp\/v2\/pages\/1515\/revisions"}],"predecessor-version":[{"id":1539,"href":"https:\/\/karrier.ih.gov.hu\/index.php\/wp-json\/wp\/v2\/pages\/1515\/revisions\/1539"}],"wp:attachment":[{"href":"https:\/\/karrier.ih.gov.hu\/index.php\/wp-json\/wp\/v2\/media?parent=1515"}],"curies":[{"name":"wp","href":"https:\/\/api.w.org\/{rel}","templated":true}]}}