{"id":1570,"date":"2026-04-17T12:55:21","date_gmt":"2026-04-17T10:55:21","guid":{"rendered":"https:\/\/karrier.ih.gov.hu\/?page_id=1570"},"modified":"2026-04-17T12:55:21","modified_gmt":"2026-04-17T10:55:21","slug":"nyitott-poziciok-rejtjelzo","status":"publish","type":"page","link":"https:\/\/karrier.ih.gov.hu\/index.php\/nyitott-poziciok-rejtjelzo\/","title":{"rendered":"Rejtjelz\u0151"},"content":{"rendered":"\n<h2 class=\"wp-block-heading has-text-align-center bold oldalcim\"><strong>Rejtjelz\u0151<\/strong><\/h2>\n\n\n\r\n\t\t<div  class=\"block-1fe936ef-474b-4579-9a16-3390f5c135e4 col areoi-element tartalom-oszlop\">\r\n\t\t\t\r\n\t\t\t\n\n<p class=\"has-contrast-2-color has-text-color has-link-color wp-elements-184a2406bddbedd87efa8815e689b015\"><strong>Milyen feladatokban sz\u00e1m\u00edtunk r\u00e1d?<\/strong><\/p>\n\n\n\n<ul class=\"wp-block-list\">\n<li class=\"has-contrast-2-color has-text-color has-link-color wp-elements-690ef5b36c200ebbe298b7180b16e8fe\">az inform\u00e1ci\u00f3\u00e1raml\u00e1s biztos\u00edt\u00e1s\u00e1ban szervezeten bel\u00fcl<\/li>\n\n\n\n<li class=\"has-contrast-2-color has-text-color has-link-color wp-elements-0f91d3cef977a5ce9106912dcd35d7a8\">kommunik\u00e1ci\u00f3s rendszerek m\u0171k\u00f6dtet\u00e9s\u00e9ben \u00e9s fel\u00fcgyelet\u00e9ben<\/li>\n\n\n\n<li class=\"has-contrast-2-color has-text-color has-link-color wp-elements-f78729d1dda3a39903824d572e6ddef1\">adminisztrat\u00edv folyamatok pontos \u00e9s szab\u00e1lyszer\u0171 v\u00e9grehajt\u00e1s\u00e1ban<\/li>\n\n\n\n<li class=\"has-contrast-2-color has-text-color has-link-color wp-elements-2f9ed4cad6440ad9401c2398bf94e389\">elektronikus nyilv\u00e1ntart\u00f3 \u00e9s adatfeldolgoz\u00f3 rendszerek haszn\u00e1lat\u00e1ban<\/li>\n<\/ul>\n\n\n\n<p class=\"has-contrast-2-color has-text-color has-link-color wp-elements-adbb496cddc9f70ddaa765029adde866\"><strong>T\u00e9ged keres\u00fcnk, ha:<\/strong><\/p>\n\n\n\n<ul class=\"wp-block-list\">\n<li class=\"has-contrast-2-color has-text-color has-link-color wp-elements-6e7f3e7a84ff7e555d5a898efb3b2123\">rendelkezel felhaszn\u00e1l\u00f3i szint\u0171 informatikai ismeretekkel<\/li>\n\n\n\n<li class=\"has-contrast-2-color has-text-color has-link-color wp-elements-a0aeffd44e223dd285fa80ae4f4902d4\">van \u00e9retts\u00e9gi bizony\u00edtv\u00e1nyod<\/li>\n\n\n\n<li class=\"has-contrast-2-color has-text-color has-link-color wp-elements-bbe560a36e66fcd7a2ff45d36dff0ad6\">magabiztosan kezeled a k\u00fcl\u00f6nb\u00f6z\u0151 digit\u00e1lis rendszereket<\/li>\n\n\n\n<li class=\"has-contrast-2-color has-text-color has-link-color wp-elements-34b611e5fb4c8683123ee4a3bd354804\">prec\u00edz, megb\u00edzhat\u00f3 \u00e9s diszkr\u00e9t vagy<\/li>\n\n\n\n<li class=\"has-contrast-2-color has-text-color has-link-color wp-elements-98c841d82e41bc8a7df84511b74dcf2d\">j\u00f3l b\u00edrod a monoton\/ism\u00e9tl\u0151d\u0151 munkafolyamatokat<\/li>\n\n\n\n<li class=\"has-contrast-2-color has-text-color has-link-color wp-elements-9aed20c074e3b3663a9b01c2154464c6\">v\u00e1llalni tudod a 24\/72 \u00f3r\u00e1s munkarendet<\/li>\n<\/ul>\n\n\n\n<p class=\"has-contrast-2-color has-text-color has-link-color wp-elements-57b1df95cd4c64a67f465e0096106089\"><strong>El\u0151nyt jelent:<\/strong><\/p>\n\n\n\n<ul class=\"wp-block-list\">\n<li class=\"has-contrast-2-color has-text-color has-link-color wp-elements-295254b062c8bc4d42b936dae60383c1\">idegen nyelv ismerete<\/li>\n\n\n\n<li class=\"has-contrast-2-color has-text-color has-link-color wp-elements-b0812a2880828a6bf2125807922bf639\">kommunik\u00e1ci\u00f3s vagy informatikai rendszerek \u00fczemeltet\u00e9s\u00e9ben szerzett tapasztalat<\/li>\n<\/ul>\n\n\n\n<p class=\"has-contrast-2-color has-text-color has-link-color wp-elements-91c784b7a7b1ed8dba2b4bb3016ceec6\">Amennyiben felkeltett\u00fck \u00e9rdekl\u0151d\u00e9sedet, regisztr\u00e1lj karrieroldalunkon, \u00e9s k\u00fcldd el magyar nyelv\u0171, f\u00e9nyk\u00e9pes \u00f6n\u00e9letrajzodat.<\/p>\n\n \r\n\t\t\t\r\n\t\t<\/div>\r\n\t\n\n\r\n\t\t<div  class=\"block-0454174f-7333-4e38-940c-e86f46a6027b col areoi-element  gomb-kozepre\">\r\n\t\t\t\r\n\t\t\t\n\r\n\t\t\t\t\r\n\t\t<a \r\n\t\t\t\r\n\t\t\tclass=\"block-cabff3a3-4e09-4470-94a8-c2e037a1c184 btn areoi-has-url position-relative bg-sarga jelentkezes-gomb nyp-gomb btn-primary\"\r\n\t href=\"https:\/\/karrier.ih.gov.hu\/index.php\/jelentkezes\/\" title=\"Rejtjelz\u0151\" >\r\n\t\t\t\t\t\r\n\t\t\t\t\tJELENTKEZEM \r\n\t\t\t\t\t\r\n\t\t\t\t\t \r\n\t\t\t\t<\/a>\r\n\t\t\t\n \r\n\t\t\t\r\n\t\t<\/div>\r\n\t\n\n\n<div class=\"wp-block-group is-content-justification-center is-nowrap is-layout-flex wp-container-core-group-is-layout-23441af8 wp-block-group-is-layout-flex\">\r\n\t\t\t\t\r\n\t\t<a \r\n\t\t\tid=\"nyitott-poziciok-rejtjelzo\"\r\n\t\t\tclass=\"block-ae1688db-7448-49e3-afa0-20dfa481607e btn areoi-has-url position-relative megosztas fb bg-sarga btn-primary\"\r\n\t href=\"#\" >\r\n\t\t\t\t\t\r\n\t\t\t\t\t   \r\n\t\t\t\t\t\r\n\t\t\t\t\t \r\n\t\t\t\t<\/a>\r\n\t\t\t<\/div>\n","protected":false},"excerpt":{"rendered":"<p>Rejtjelz\u0151<\/p>\n","protected":false},"author":1,"featured_media":0,"parent":0,"menu_order":0,"comment_status":"closed","ping_status":"closed","template":"","meta":{"footnotes":""},"class_list":["post-1570","page","type-page","status-publish","hentry"],"_links":{"self":[{"href":"https:\/\/karrier.ih.gov.hu\/index.php\/wp-json\/wp\/v2\/pages\/1570","targetHints":{"allow":["GET"]}}],"collection":[{"href":"https:\/\/karrier.ih.gov.hu\/index.php\/wp-json\/wp\/v2\/pages"}],"about":[{"href":"https:\/\/karrier.ih.gov.hu\/index.php\/wp-json\/wp\/v2\/types\/page"}],"author":[{"embeddable":true,"href":"https:\/\/karrier.ih.gov.hu\/index.php\/wp-json\/wp\/v2\/users\/1"}],"replies":[{"embeddable":true,"href":"https:\/\/karrier.ih.gov.hu\/index.php\/wp-json\/wp\/v2\/comments?post=1570"}],"version-history":[{"count":6,"href":"https:\/\/karrier.ih.gov.hu\/index.php\/wp-json\/wp\/v2\/pages\/1570\/revisions"}],"predecessor-version":[{"id":1576,"href":"https:\/\/karrier.ih.gov.hu\/index.php\/wp-json\/wp\/v2\/pages\/1570\/revisions\/1576"}],"wp:attachment":[{"href":"https:\/\/karrier.ih.gov.hu\/index.php\/wp-json\/wp\/v2\/media?parent=1570"}],"curies":[{"name":"wp","href":"https:\/\/api.w.org\/{rel}","templated":true}]}}