{"id":23,"date":"2024-06-03T11:11:54","date_gmt":"2024-06-03T11:11:54","guid":{"rendered":"https:\/\/karrier.ih.gov.hu\/teszt\/?page_id=23"},"modified":"2024-06-27T13:36:16","modified_gmt":"2024-06-27T11:36:16","slug":"felveteli-eljaras","status":"publish","type":"page","link":"https:\/\/karrier.ih.gov.hu\/index.php\/felveteli-eljaras\/","title":{"rendered":"Felv\u00e9teli elj\u00e1r\u00e1s"},"content":{"rendered":"\n<hr class=\"wp-block-separator has-alpha-channel-opacity hr-gradient is-style-wide\"\/>\n\n\n\n<h2 class=\"wp-block-heading has-text-align-center oldalcim bold\">Felv\u00e9teli elj\u00e1r\u00e1s<\/h2>\n\n\n\n<h4 class=\"wp-block-heading has-text-align-center\">Id\u0151tartam: 2.5 &#8211; 5 h\u00f3nap<\/h4>\n\n\n\r\n\t\t<div  class=\"block-fe105f6d-935f-47f4-b5ef-b9484739b278 col areoi-element tartalom-oszlop\">\r\n\t\t\t\r\n\t\t\t\n\n<p class=\"has-contrast-2-color has-text-color has-link-color wp-elements-782ae343d14f68b399ac048b247d7542\">Hivat\u00e1sunk kor\u00e1ntsem \u00e1tlagos! Ezt t\u00fckr\u00f6zi a kiv\u00e1laszt\u00e1si folyamat, mely rendk\u00edv\u00fcl alapos \u00e9s szerte\u00e1gaz\u00f3. Kinevez\u00e9sre akkor ker\u00fclhet sor, ha a jelentkez\u0151 megfelel a keresett profilnak \u00e9s lezajlott az \u00e1tvil\u00e1g\u00edt\u00e1s. Ut\u00f3bbi miatt a felv\u00e9teli elj\u00e1r\u00e1s k\u00f6r\u00fclbel\u00fcl 2,5-5 h\u00f3napot vesz ig\u00e9nybe.<\/p>\n\n\n\n<figure class=\"wp-block-image aligncenter size-full\"><img loading=\"lazy\" decoding=\"async\" width=\"1751\" height=\"364\" src=\"https:\/\/teszt.ih.gov.hu\/wp-content\/uploads\/2024\/06\/folyamat-abra-2.png\" alt=\"Felv\u00e9teli elj\u00e1r\u00e1s folyamat \u00e1bra.\" class=\"wp-image-782\" srcset=\"https:\/\/karrier.ih.gov.hu\/wp-content\/uploads\/2024\/06\/folyamat-abra-2.png 1751w, https:\/\/karrier.ih.gov.hu\/wp-content\/uploads\/2024\/06\/folyamat-abra-2-300x62.png 300w, https:\/\/karrier.ih.gov.hu\/wp-content\/uploads\/2024\/06\/folyamat-abra-2-1024x213.png 1024w, https:\/\/karrier.ih.gov.hu\/wp-content\/uploads\/2024\/06\/folyamat-abra-2-768x160.png 768w, https:\/\/karrier.ih.gov.hu\/wp-content\/uploads\/2024\/06\/folyamat-abra-2-1536x319.png 1536w\" sizes=\"auto, (max-width: 1751px) 100vw, 1751px\" \/><\/figure>\n\n\n\n<p class=\"has-contrast-2-color has-text-color has-link-color wp-elements-dcc28945d7958673324849a6133c05a5\">Miut\u00e1n be\u00e9rkezik egy \u00f6n\u00e9letrajz, \u00f6sszevetj\u00fck tartalm\u00e1t a nyitott poz\u00edci\u00f3inkban megfogalmazott elv\u00e1r\u00e1sokkal. Amennyiben a CV-je alapj\u00e1n a jelentkez\u0151 lehet a megfelel\u0151 szem\u00e9ly valamely munkak\u00f6r bet\u00f6lt\u00e9s\u00e9re, szem\u00e9lyes interj\u00fara h\u00edvjuk. Ennek keret\u00e9ben t\u00e1j\u00e9koztat\u00e1st ny\u00fajtunk mind az adott poz\u00edci\u00f3r\u00f3l, mind a hivat\u00e1sos szolg\u00e1lat mibenl\u00e9t\u00e9r\u0151l; felt\u00e9rk\u00e9pezz\u00fck az esetleges kiz\u00e1r\u00f3 okokat \u00e9s igyeksz\u00fcnk \u00f6sszk\u00e9pet kialak\u00edtani a jelentkez\u0151r\u0151l.<\/p>\n\n\n\n<p class=\"has-contrast-2-color has-text-color has-link-color wp-elements-30c9f4e409e1e3673ca52d10aaba43d9\">Sikeres szem\u00e9ly\u00fcgyi interj\u00fat k\u00f6vet\u0151en, az IH munkat\u00e1rsai pszichol\u00f3giai \u00e9rt\u00e9kel\u00e9st v\u00e9geznek egy \u00fajabb szem\u00e9lyes tal\u00e1lkoz\u00e1s alkalm\u00e1val. Azt a jel\u00f6ltet, aki megfelel a keresett profilnak, szakmai interj\u00fara h\u00edvjuk vissza.<\/p>\n\n\n\n<p class=\"has-contrast-2-color has-text-color has-link-color wp-elements-188f8a98b772e7822a7aaefbf1b15514\">Az interj\u00fa keret\u00e9ben alkalma ny\u00edlik az IH \u00e9rintett szakter\u00fclet\u00e9t k\u00e9pvisel\u0151 koll\u00e9g\u00e1nknak is megismerni a p\u00e1ly\u00e1z\u00f3t \u00e9s felm\u00e9rni kompetenci\u00e1it. (*Az esetek kisebb sz\u00e1zal\u00e9k\u00e1ban m\u00e1r a szem\u00e9ly\u00fcgyi interj\u00fa keret\u00e9ben lezajlik a szakmai elbesz\u00e9lget\u00e9s.) Az adminisztr\u00e1ci\u00f3 r\u00e9szek\u00e9nt nemzetbiztons\u00e1gi k\u00e9rd\u0151\u00edv kit\u00f6lt\u00e9s\u00e9t k\u00e9rj\u00fck a jelentkez\u0151kt\u0151l. Sikeres szakmai meghallgat\u00e1s ut\u00e1n ker\u00fcl sor eg\u00e9szs\u00e9g\u00fcgyi vizsg\u00e1latra, valamint a nemzetbiztons\u00e1gi ellen\u0151rz\u00e9sre. Ha ez ut\u00f3bbi eredm\u00e9nyek\u00e9nt nem mer\u00fcl fel kock\u00e1zati t\u00e9nyez\u0151, tov\u00e1bb\u00e1 eg\u00e9szs\u00e9g\u00fcgyi szempontb\u00f3l is megfelel a jel\u00f6lt, felv\u00e9telt nyer az Inform\u00e1ci\u00f3s Hivatalba.<\/p>\n\n \r\n\t\t\t\r\n\t\t<\/div>\r\n\t","protected":false},"excerpt":{"rendered":"<p>Felv\u00e9teli elj\u00e1r\u00e1s Id\u0151tartam: 2.5 &#8211; 5 h\u00f3nap<\/p>\n","protected":false},"author":1,"featured_media":0,"parent":0,"menu_order":0,"comment_status":"closed","ping_status":"closed","template":"","meta":{"footnotes":""},"class_list":["post-23","page","type-page","status-publish","hentry"],"_links":{"self":[{"href":"https:\/\/karrier.ih.gov.hu\/index.php\/wp-json\/wp\/v2\/pages\/23","targetHints":{"allow":["GET"]}}],"collection":[{"href":"https:\/\/karrier.ih.gov.hu\/index.php\/wp-json\/wp\/v2\/pages"}],"about":[{"href":"https:\/\/karrier.ih.gov.hu\/index.php\/wp-json\/wp\/v2\/types\/page"}],"author":[{"embeddable":true,"href":"https:\/\/karrier.ih.gov.hu\/index.php\/wp-json\/wp\/v2\/users\/1"}],"replies":[{"embeddable":true,"href":"https:\/\/karrier.ih.gov.hu\/index.php\/wp-json\/wp\/v2\/comments?post=23"}],"version-history":[{"count":13,"href":"https:\/\/karrier.ih.gov.hu\/index.php\/wp-json\/wp\/v2\/pages\/23\/revisions"}],"predecessor-version":[{"id":828,"href":"https:\/\/karrier.ih.gov.hu\/index.php\/wp-json\/wp\/v2\/pages\/23\/revisions\/828"}],"wp:attachment":[{"href":"https:\/\/karrier.ih.gov.hu\/index.php\/wp-json\/wp\/v2\/media?parent=23"}],"curies":[{"name":"wp","href":"https:\/\/api.w.org\/{rel}","templated":true}]}}