{"id":282,"date":"2024-06-10T09:53:36","date_gmt":"2024-06-10T07:53:36","guid":{"rendered":"https:\/\/teszt.ih.gov.hu\/?page_id=282"},"modified":"2025-10-21T08:28:51","modified_gmt":"2025-10-21T06:28:51","slug":"jelentkezes","status":"publish","type":"page","link":"https:\/\/karrier.ih.gov.hu\/index.php\/jelentkezes\/","title":{"rendered":"Jelentkez\u00e9s"},"content":{"rendered":"\n<h2 class=\"wp-block-heading has-text-align-center bold oldalcim\">Regisztr\u00e1ci\u00f3s \u0171rlap<\/h2>\n\n\n\r\n\t\t<div id=\"reg_urlap\" class=\"block-4cd66a04-53b3-4596-a416-12245935a282 col areoi-element tartalom-oszlop\">\r\n\t\t\t\r\n\t\t\t \r\n\t\t\t\r\n\t\t<\/div>\r\n\t","protected":false},"excerpt":{"rendered":"<p>Regisztr\u00e1ci\u00f3s \u0171rlap<\/p>\n","protected":false},"author":1,"featured_media":0,"parent":0,"menu_order":0,"comment_status":"closed","ping_status":"closed","template":"","meta":{"footnotes":""},"class_list":["post-282","page","type-page","status-publish","hentry"],"_links":{"self":[{"href":"https:\/\/karrier.ih.gov.hu\/index.php\/wp-json\/wp\/v2\/pages\/282","targetHints":{"allow":["GET"]}}],"collection":[{"href":"https:\/\/karrier.ih.gov.hu\/index.php\/wp-json\/wp\/v2\/pages"}],"about":[{"href":"https:\/\/karrier.ih.gov.hu\/index.php\/wp-json\/wp\/v2\/types\/page"}],"author":[{"embeddable":true,"href":"https:\/\/karrier.ih.gov.hu\/index.php\/wp-json\/wp\/v2\/users\/1"}],"replies":[{"embeddable":true,"href":"https:\/\/karrier.ih.gov.hu\/index.php\/wp-json\/wp\/v2\/comments?post=282"}],"version-history":[{"count":9,"href":"https:\/\/karrier.ih.gov.hu\/index.php\/wp-json\/wp\/v2\/pages\/282\/revisions"}],"predecessor-version":[{"id":1321,"href":"https:\/\/karrier.ih.gov.hu\/index.php\/wp-json\/wp\/v2\/pages\/282\/revisions\/1321"}],"wp:attachment":[{"href":"https:\/\/karrier.ih.gov.hu\/index.php\/wp-json\/wp\/v2\/media?parent=282"}],"curies":[{"name":"wp","href":"https:\/\/api.w.org\/{rel}","templated":true}]}}