{"id":597,"date":"2024-06-19T14:26:59","date_gmt":"2024-06-19T12:26:59","guid":{"rendered":"https:\/\/teszt.ih.gov.hu\/?page_id=597"},"modified":"2024-07-01T11:19:00","modified_gmt":"2024-07-01T09:19:00","slug":"esemeny-1","status":"publish","type":"page","link":"https:\/\/karrier.ih.gov.hu\/index.php\/esemeny-1\/","title":{"rendered":"2024.02.28-29., JOBVERSE \u00c1ll\u00e1sb\u00f6rze"},"content":{"rendered":"\n<hr class=\"wp-block-separator has-alpha-channel-opacity hr-gradient is-style-wide\"\/>\n\n\n\n<h2 class=\"wp-block-heading has-text-align-center bold oldalcim\">2024.02.28-29., JOBVERSE \u00c1ll\u00e1sb\u00f6rze<\/h2>\n\n\n\r\n\t\t<div  class=\"block-0c0cf7b7-d675-4ad9-96c7-3538023890a0 col areoi-element tartalom-oszlop\">\r\n\t\t\t\r\n\t\t\t\n\n<ul class=\"wp-block-list\">\n<li><strong>Helysz\u00edn:<\/strong> Budapest, BOK csarnok<\/li>\n\n\n\n<li><strong>Id\u0151pont:<\/strong> 2024. m\u00e1rcius 20.<\/li>\n<\/ul>\n\n\n\r\n\t\t<div \r\n\t\t\t\r\n\t\t\tclass=\"block-a81db242-00c3-440b-af8b-2cddaf5fd708 carousel slide carousel-dark\"\r\n\t\t\tdata-bs-ride=\"carousel\"\r\n\t\t\tdata-bs-touch=\"true\"\r\n\t\t\tdata-bs-pause=\"hover\" \r\n\t\t\tdata-bs-interval=\"4000\"\r\n\t\t>\r\n\t\t\t\r\n\t\t\t<button class=\"carousel-control-prev\" type=\"button\" data-bs-target=\".block-a81db242-00c3-440b-af8b-2cddaf5fd708\" data-bs-slide=\"prev\">\r\n\t\t\t\t<span class=\"carousel-control-prev-icon\" aria-hidden=\"true\"><\/span>\r\n\t\t\t\t<span class=\"visually-hidden\">Previous<\/span>\r\n\t\t\t<\/button>\r\n\t\t\t<button class=\"carousel-control-next\" type=\"button\" data-bs-target=\".block-a81db242-00c3-440b-af8b-2cddaf5fd708\" data-bs-slide=\"next\">\r\n\t\t\t\t<span class=\"carousel-control-next-icon\" aria-hidden=\"true\"><\/span>\r\n\t\t\t\t<span class=\"visually-hidden\">Next<\/span>\r\n\t\t\t<\/button>\r\n\t\t\r\n\t\t\t\r\n\t\t\t<div class=\"carousel-item active\">\r\n\t\t\t\n\n<figure class=\"wp-block-image aligncenter size-full\"><img loading=\"lazy\" decoding=\"async\" width=\"1920\" height=\"1280\" src=\"https:\/\/teszt.ih.gov.hu\/wp-content\/uploads\/2024\/06\/20240228_jv_009.jpg\" alt=\"2024.02.28-29., JOBVERSE &Aacute;ll&aacute;sb&ouml;rze\" class=\"wp-image-858\" srcset=\"https:\/\/karrier.ih.gov.hu\/wp-content\/uploads\/2024\/06\/20240228_jv_009.jpg 1920w, https:\/\/karrier.ih.gov.hu\/wp-content\/uploads\/2024\/06\/20240228_jv_009-300x200.jpg 300w, https:\/\/karrier.ih.gov.hu\/wp-content\/uploads\/2024\/06\/20240228_jv_009-1024x683.jpg 1024w, https:\/\/karrier.ih.gov.hu\/wp-content\/uploads\/2024\/06\/20240228_jv_009-768x512.jpg 768w, https:\/\/karrier.ih.gov.hu\/wp-content\/uploads\/2024\/06\/20240228_jv_009-1536x1024.jpg 1536w\" sizes=\"auto, (max-width: 1920px) 100vw, 1920px\" \/><figcaption class=\"wp-element-caption\">2024.02.28-29., JOBVERSE &Aacute;ll&aacute;sb&ouml;rze<\/figcaption><\/figure>\n\n \r\n\t\t<\/div><div class=\"block-e16736ba-eaf6-4b0e-aecf-778f09105d37 carousel-item\">\r\n\t\t\t\n\n<figure class=\"wp-block-image aligncenter size-full\"><img loading=\"lazy\" decoding=\"async\" width=\"1920\" height=\"1280\" src=\"https:\/\/teszt.ih.gov.hu\/wp-content\/uploads\/2024\/06\/20240228_jv_065.jpg\" alt=\"2024.02.28-29., JOBVERSE &Aacute;ll&aacute;sb&ouml;rze\" class=\"wp-image-857\" style=\"object-fit:cover\" srcset=\"https:\/\/karrier.ih.gov.hu\/wp-content\/uploads\/2024\/06\/20240228_jv_065.jpg 1920w, https:\/\/karrier.ih.gov.hu\/wp-content\/uploads\/2024\/06\/20240228_jv_065-300x200.jpg 300w, https:\/\/karrier.ih.gov.hu\/wp-content\/uploads\/2024\/06\/20240228_jv_065-1024x683.jpg 1024w, https:\/\/karrier.ih.gov.hu\/wp-content\/uploads\/2024\/06\/20240228_jv_065-768x512.jpg 768w, https:\/\/karrier.ih.gov.hu\/wp-content\/uploads\/2024\/06\/20240228_jv_065-1536x1024.jpg 1536w\" sizes=\"auto, (max-width: 1920px) 100vw, 1920px\" \/><figcaption class=\"wp-element-caption\">2024.02.28-29., JOBVERSE &Aacute;ll&aacute;sb&ouml;rze<\/figcaption><\/figure>\n\n \r\n\t\t<\/div><div class=\"block-54a1c348-f7c7-4027-bb74-ebe7ae87d06e carousel-item\">\r\n\t\t\t\n\n<figure class=\"wp-block-image aligncenter size-full\"><img loading=\"lazy\" decoding=\"async\" width=\"1920\" height=\"1280\" src=\"https:\/\/teszt.ih.gov.hu\/wp-content\/uploads\/2024\/06\/20240228_jv_052.jpg\" alt=\"2024.02.28-29., JOBVERSE &Aacute;ll&aacute;sb&ouml;rze\" class=\"wp-image-854\" style=\"object-fit:cover\" srcset=\"https:\/\/karrier.ih.gov.hu\/wp-content\/uploads\/2024\/06\/20240228_jv_052.jpg 1920w, https:\/\/karrier.ih.gov.hu\/wp-content\/uploads\/2024\/06\/20240228_jv_052-300x200.jpg 300w, https:\/\/karrier.ih.gov.hu\/wp-content\/uploads\/2024\/06\/20240228_jv_052-1024x683.jpg 1024w, https:\/\/karrier.ih.gov.hu\/wp-content\/uploads\/2024\/06\/20240228_jv_052-768x512.jpg 768w, https:\/\/karrier.ih.gov.hu\/wp-content\/uploads\/2024\/06\/20240228_jv_052-1536x1024.jpg 1536w\" sizes=\"auto, (max-width: 1920px) 100vw, 1920px\" \/><figcaption class=\"wp-element-caption\">2024.02.28-29., JOBVERSE &Aacute;ll&aacute;sb&ouml;rze<\/figcaption><\/figure>\n\n \r\n\t\t<\/div><div class=\"block-9cef4a41-8e1a-4c9e-ac38-bc7166519645 carousel-item\">\r\n\t\t\t\n\n<figure class=\"wp-block-image aligncenter size-full\"><img loading=\"lazy\" decoding=\"async\" width=\"1920\" height=\"1280\" src=\"https:\/\/teszt.ih.gov.hu\/wp-content\/uploads\/2024\/06\/20240228_jv_030.jpg\" alt=\"2024.02.28-29., JOBVERSE &Aacute;ll&aacute;sb&ouml;rze\" class=\"wp-image-853\" style=\"object-fit:cover\" srcset=\"https:\/\/karrier.ih.gov.hu\/wp-content\/uploads\/2024\/06\/20240228_jv_030.jpg 1920w, https:\/\/karrier.ih.gov.hu\/wp-content\/uploads\/2024\/06\/20240228_jv_030-300x200.jpg 300w, https:\/\/karrier.ih.gov.hu\/wp-content\/uploads\/2024\/06\/20240228_jv_030-1024x683.jpg 1024w, https:\/\/karrier.ih.gov.hu\/wp-content\/uploads\/2024\/06\/20240228_jv_030-768x512.jpg 768w, https:\/\/karrier.ih.gov.hu\/wp-content\/uploads\/2024\/06\/20240228_jv_030-1536x1024.jpg 1536w\" sizes=\"auto, (max-width: 1920px) 100vw, 1920px\" \/><figcaption class=\"wp-element-caption\">2024.02.28-29., JOBVERSE &Aacute;ll&aacute;sb&ouml;rze<\/figcaption><\/figure>\n\n \r\n\t\t<\/div>\n \r\n\t\t\t<div class=\"clearfix\"><\/div>\r\n\t\t<\/div>\r\n\t\n \r\n\t\t\t\r\n\t\t<\/div>\r\n\t","protected":false},"excerpt":{"rendered":"<p>2024.02.28-29., JOBVERSE \u00c1ll\u00e1sb\u00f6rze<\/p>\n","protected":false},"author":1,"featured_media":0,"parent":0,"menu_order":0,"comment_status":"closed","ping_status":"closed","template":"","meta":{"footnotes":""},"class_list":["post-597","page","type-page","status-publish","hentry"],"_links":{"self":[{"href":"https:\/\/karrier.ih.gov.hu\/index.php\/wp-json\/wp\/v2\/pages\/597","targetHints":{"allow":["GET"]}}],"collection":[{"href":"https:\/\/karrier.ih.gov.hu\/index.php\/wp-json\/wp\/v2\/pages"}],"about":[{"href":"https:\/\/karrier.ih.gov.hu\/index.php\/wp-json\/wp\/v2\/types\/page"}],"author":[{"embeddable":true,"href":"https:\/\/karrier.ih.gov.hu\/index.php\/wp-json\/wp\/v2\/users\/1"}],"replies":[{"embeddable":true,"href":"https:\/\/karrier.ih.gov.hu\/index.php\/wp-json\/wp\/v2\/comments?post=597"}],"version-history":[{"count":22,"href":"https:\/\/karrier.ih.gov.hu\/index.php\/wp-json\/wp\/v2\/pages\/597\/revisions"}],"predecessor-version":[{"id":899,"href":"https:\/\/karrier.ih.gov.hu\/index.php\/wp-json\/wp\/v2\/pages\/597\/revisions\/899"}],"wp:attachment":[{"href":"https:\/\/karrier.ih.gov.hu\/index.php\/wp-json\/wp\/v2\/media?parent=597"}],"curies":[{"name":"wp","href":"https:\/\/api.w.org\/{rel}","templated":true}]}}